{"id":50060,"date":"2025-07-20T18:17:31","date_gmt":"2025-07-20T16:17:31","guid":{"rendered":"https:\/\/casacumbia.com\/product\/petit-panier-en-jonc-de-mer-bleu-fonce-bassac\/"},"modified":"2025-09-21T15:13:45","modified_gmt":"2025-09-21T13:13:45","slug":"petit-panier-en-jonc-de-mer-bleu-fonce-bassac","status":"publish","type":"product","link":"https:\/\/casacumbia.com\/en\/produit\/petit-panier-en-jonc-de-mer-bleu-fonce-bassac\/","title":{"rendered":"Panier Seagrass Bleu Fonc\u00e9 Petit BASSAC"},"content":{"rendered":"<p>Un accessoire fonctionnel et polyvalent qui s&#8217;adapte \u00e0 tout environnement et d\u00e9coration, permettant de ranger et d&#8217;organiser tous types d&#8217;objets.<\/p>\n","protected":false},"excerpt":{"rendered":"<p>Un accessoire fonctionnel et polyvalent qui s&#8217;adapte \u00e0 tout environnement et d\u00e9coration, permettant de ranger et d&#8217;organiser tous types d&#8217;objets.<\/p>\n","protected":false},"featured_media":30877,"comment_status":"closed","ping_status":"closed","template":"","meta":[],"product_brand":[],"product_cat":[290],"product_tag":[165,166],"class_list":{"0":"post-50060","1":"product","2":"type-product","3":"status-publish","4":"has-post-thumbnail","6":"product_cat-boites-paniers","7":"product_tag-pas_d_images","8":"product_tag-produits-en-ligne","10":"first","11":"instock","12":"shipping-taxable","13":"purchasable","14":"product-type-simple"},"_links":{"self":[{"href":"https:\/\/casacumbia.com\/en\/wp-json\/wp\/v2\/product\/50060","targetHints":{"allow":["GET"]}}],"collection":[{"href":"https:\/\/casacumbia.com\/en\/wp-json\/wp\/v2\/product"}],"about":[{"href":"https:\/\/casacumbia.com\/en\/wp-json\/wp\/v2\/types\/product"}],"replies":[{"embeddable":true,"href":"https:\/\/casacumbia.com\/en\/wp-json\/wp\/v2\/comments?post=50060"}],"version-history":[{"count":1,"href":"https:\/\/casacumbia.com\/en\/wp-json\/wp\/v2\/product\/50060\/revisions"}],"predecessor-version":[{"id":53456,"href":"https:\/\/casacumbia.com\/en\/wp-json\/wp\/v2\/product\/50060\/revisions\/53456"}],"wp:featuredmedia":[{"embeddable":true,"href":"https:\/\/casacumbia.com\/en\/wp-json\/wp\/v2\/media\/30877"}],"wp:attachment":[{"href":"https:\/\/casacumbia.com\/en\/wp-json\/wp\/v2\/media?parent=50060"}],"wp:term":[{"taxonomy":"product_brand","embeddable":true,"href":"https:\/\/casacumbia.com\/en\/wp-json\/wp\/v2\/product_brand?post=50060"},{"taxonomy":"product_cat","embeddable":true,"href":"https:\/\/casacumbia.com\/en\/wp-json\/wp\/v2\/product_cat?post=50060"},{"taxonomy":"product_tag","embeddable":true,"href":"https:\/\/casacumbia.com\/en\/wp-json\/wp\/v2\/product_tag?post=50060"}],"curies":[{"name":"wp","href":"https:\/\/api.w.org\/{rel}","templated":true}]}}