{"id":50059,"date":"2025-07-20T18:17:30","date_gmt":"2025-07-20T16:17:30","guid":{"rendered":"https:\/\/casacumbia.com\/product\/grands-paniers-avec-anses-naturelles-vinh\/"},"modified":"2025-09-21T15:13:45","modified_gmt":"2025-09-21T13:13:45","slug":"grands-paniers-avec-anses-naturelles-vinh","status":"publish","type":"product","link":"https:\/\/casacumbia.com\/en\/produit\/grands-paniers-avec-anses-naturelles-vinh\/","title":{"rendered":"Paniers avec Anses Naturel Grand VINH"},"content":{"rendered":"<p>Paniers avec Anses Naturel Grand VINHUne pi\u00e8ce essentielle de casacumbia, parfaite pour apporter une touche de style et de confort \u00e0 votre espace avec originalit\u00e9 et charme.<\/p>\n","protected":false},"excerpt":{"rendered":"<p>Paniers avec Anses Naturel Grand VINHUne pi\u00e8ce essentielle de casacumbia, parfaite pour apporter une touche de style et de confort<\/p>\n","protected":false},"featured_media":30852,"comment_status":"closed","ping_status":"closed","template":"","meta":[],"product_brand":[],"product_cat":[290,204],"product_tag":[165,166],"class_list":{"0":"post-50059","1":"product","2":"type-product","3":"status-publish","4":"has-post-thumbnail","6":"product_cat-boites-paniers","7":"product_cat-promotions-2","8":"product_tag-pas_d_images","9":"product_tag-produits-en-ligne","11":"first","12":"instock","13":"sale","14":"shipping-taxable","15":"purchasable","16":"product-type-simple"},"_links":{"self":[{"href":"https:\/\/casacumbia.com\/en\/wp-json\/wp\/v2\/product\/50059","targetHints":{"allow":["GET"]}}],"collection":[{"href":"https:\/\/casacumbia.com\/en\/wp-json\/wp\/v2\/product"}],"about":[{"href":"https:\/\/casacumbia.com\/en\/wp-json\/wp\/v2\/types\/product"}],"replies":[{"embeddable":true,"href":"https:\/\/casacumbia.com\/en\/wp-json\/wp\/v2\/comments?post=50059"}],"version-history":[{"count":2,"href":"https:\/\/casacumbia.com\/en\/wp-json\/wp\/v2\/product\/50059\/revisions"}],"predecessor-version":[{"id":54067,"href":"https:\/\/casacumbia.com\/en\/wp-json\/wp\/v2\/product\/50059\/revisions\/54067"}],"wp:featuredmedia":[{"embeddable":true,"href":"https:\/\/casacumbia.com\/en\/wp-json\/wp\/v2\/media\/30852"}],"wp:attachment":[{"href":"https:\/\/casacumbia.com\/en\/wp-json\/wp\/v2\/media?parent=50059"}],"wp:term":[{"taxonomy":"product_brand","embeddable":true,"href":"https:\/\/casacumbia.com\/en\/wp-json\/wp\/v2\/product_brand?post=50059"},{"taxonomy":"product_cat","embeddable":true,"href":"https:\/\/casacumbia.com\/en\/wp-json\/wp\/v2\/product_cat?post=50059"},{"taxonomy":"product_tag","embeddable":true,"href":"https:\/\/casacumbia.com\/en\/wp-json\/wp\/v2\/product_tag?post=50059"}],"curies":[{"name":"wp","href":"https:\/\/api.w.org\/{rel}","templated":true}]}}