{"id":50051,"date":"2025-07-20T18:17:30","date_gmt":"2025-07-20T16:17:30","guid":{"rendered":"https:\/\/casacumbia.com\/product\/table-dappoint-doree-huelva\/"},"modified":"2025-09-21T15:13:43","modified_gmt":"2025-09-21T13:13:43","slug":"table-dappoint-doree-huelva","status":"publish","type":"product","link":"https:\/\/casacumbia.com\/en\/produit\/table-dappoint-doree-huelva\/","title":{"rendered":"Table d&#8217;appoint dor\u00e9e HUELVA"},"content":{"rendered":"<p>La collection Huelva est compos\u00e9e de tables d&#8217;appoint qui constituent un accessoire \u00e9l\u00e9gant pour compl\u00e9ter n&#8217;importe quelle pi\u00e8ce de la maison.<\/p>\n","protected":false},"excerpt":{"rendered":"<p>La collection Huelva est compos\u00e9e de tables d&#8217;appoint qui constituent un accessoire \u00e9l\u00e9gant pour compl\u00e9ter n&#8217;importe quelle pi\u00e8ce de la<\/p>\n","protected":false},"featured_media":30837,"comment_status":"closed","ping_status":"closed","template":"","meta":[],"product_brand":[],"product_cat":[171,247,204],"product_tag":[173,165,166],"class_list":{"0":"post-50051","1":"product","2":"type-product","3":"status-publish","4":"has-post-thumbnail","6":"product_cat-table-2","7":"product_cat-meublesalon","8":"product_cat-promotions-2","9":"product_tag-grandes-dimensions","10":"product_tag-pas_d_images","11":"product_tag-produits-en-ligne","13":"first","14":"instock","15":"sale","16":"shipping-taxable","17":"purchasable","18":"product-type-simple"},"_links":{"self":[{"href":"https:\/\/casacumbia.com\/en\/wp-json\/wp\/v2\/product\/50051","targetHints":{"allow":["GET"]}}],"collection":[{"href":"https:\/\/casacumbia.com\/en\/wp-json\/wp\/v2\/product"}],"about":[{"href":"https:\/\/casacumbia.com\/en\/wp-json\/wp\/v2\/types\/product"}],"replies":[{"embeddable":true,"href":"https:\/\/casacumbia.com\/en\/wp-json\/wp\/v2\/comments?post=50051"}],"version-history":[{"count":1,"href":"https:\/\/casacumbia.com\/en\/wp-json\/wp\/v2\/product\/50051\/revisions"}],"predecessor-version":[{"id":52933,"href":"https:\/\/casacumbia.com\/en\/wp-json\/wp\/v2\/product\/50051\/revisions\/52933"}],"wp:featuredmedia":[{"embeddable":true,"href":"https:\/\/casacumbia.com\/en\/wp-json\/wp\/v2\/media\/30837"}],"wp:attachment":[{"href":"https:\/\/casacumbia.com\/en\/wp-json\/wp\/v2\/media?parent=50051"}],"wp:term":[{"taxonomy":"product_brand","embeddable":true,"href":"https:\/\/casacumbia.com\/en\/wp-json\/wp\/v2\/product_brand?post=50051"},{"taxonomy":"product_cat","embeddable":true,"href":"https:\/\/casacumbia.com\/en\/wp-json\/wp\/v2\/product_cat?post=50051"},{"taxonomy":"product_tag","embeddable":true,"href":"https:\/\/casacumbia.com\/en\/wp-json\/wp\/v2\/product_tag?post=50051"}],"curies":[{"name":"wp","href":"https:\/\/api.w.org\/{rel}","templated":true}]}}