{"id":50050,"date":"2025-07-20T18:17:30","date_gmt":"2025-07-20T16:17:30","guid":{"rendered":"https:\/\/casacumbia.com\/product\/piece-decorative-sapin-dore-15-cm-new-bright\/"},"modified":"2025-09-21T15:13:43","modified_gmt":"2025-09-21T13:13:43","slug":"piece-decorative-sapin-dore-15-cm-new-bright","status":"publish","type":"product","link":"https:\/\/casacumbia.com\/en\/produit\/piece-decorative-sapin-dore-15-cm-new-bright\/","title":{"rendered":"Pi\u00e8ce D\u00e9corative Sapin Dor\u00e9 15cm NEW BRIGHT"},"content":{"rendered":"","protected":false},"excerpt":{"rendered":"","protected":false},"featured_media":30839,"comment_status":"closed","ping_status":"closed","template":"","meta":[],"product_brand":[],"product_cat":[266],"product_tag":[181,176,166],"class_list":{"0":"post-50050","1":"product","2":"type-product","3":"status-publish","4":"has-post-thumbnail","6":"product_cat-poubelle","7":"product_tag-integre-pim","8":"product_tag-petites-dimensions","9":"product_tag-produits-en-ligne","11":"first","12":"instock","13":"shipping-taxable","14":"purchasable","15":"product-type-simple"},"_links":{"self":[{"href":"https:\/\/casacumbia.com\/en\/wp-json\/wp\/v2\/product\/50050","targetHints":{"allow":["GET"]}}],"collection":[{"href":"https:\/\/casacumbia.com\/en\/wp-json\/wp\/v2\/product"}],"about":[{"href":"https:\/\/casacumbia.com\/en\/wp-json\/wp\/v2\/types\/product"}],"replies":[{"embeddable":true,"href":"https:\/\/casacumbia.com\/en\/wp-json\/wp\/v2\/comments?post=50050"}],"version-history":[{"count":1,"href":"https:\/\/casacumbia.com\/en\/wp-json\/wp\/v2\/product\/50050\/revisions"}],"predecessor-version":[{"id":52931,"href":"https:\/\/casacumbia.com\/en\/wp-json\/wp\/v2\/product\/50050\/revisions\/52931"}],"wp:featuredmedia":[{"embeddable":true,"href":"https:\/\/casacumbia.com\/en\/wp-json\/wp\/v2\/media\/30839"}],"wp:attachment":[{"href":"https:\/\/casacumbia.com\/en\/wp-json\/wp\/v2\/media?parent=50050"}],"wp:term":[{"taxonomy":"product_brand","embeddable":true,"href":"https:\/\/casacumbia.com\/en\/wp-json\/wp\/v2\/product_brand?post=50050"},{"taxonomy":"product_cat","embeddable":true,"href":"https:\/\/casacumbia.com\/en\/wp-json\/wp\/v2\/product_cat?post=50050"},{"taxonomy":"product_tag","embeddable":true,"href":"https:\/\/casacumbia.com\/en\/wp-json\/wp\/v2\/product_tag?post=50050"}],"curies":[{"name":"wp","href":"https:\/\/api.w.org\/{rel}","templated":true}]}}