{"id":50036,"date":"2025-07-20T18:17:21","date_gmt":"2025-07-20T16:17:21","guid":{"rendered":"https:\/\/casacumbia.com\/product\/housse-de-coussin-winter-birds-cozy\/"},"modified":"2025-09-21T15:13:39","modified_gmt":"2025-09-21T13:13:39","slug":"housse-de-coussin-winter-birds-cozy","status":"publish","type":"product","link":"https:\/\/casacumbia.com\/en\/produit\/housse-de-coussin-winter-birds-cozy\/","title":{"rendered":"Housse de Coussin Winter Birds COZY"},"content":{"rendered":"<p>Apportez \u00e9l\u00e9gance et confort \u00e0 votre foyer avec la housse de coussin \u00ab Winter Birds \u00bb de la collection COZY. Avec ses dimensions de 45&#215;45 cm, cette housse allie simplicit\u00e9 et sophistication, \u00e9tant parfaite pour compl\u00e9ter la d\u00e9coration de tout environnement. Avec un design exclusif et moderne by casacumbia, cette pi\u00e8ce offre un style unique qui se distingue par sa beaut\u00e9 et sa sophistication contemporaine.  <\/p>\n<p>Confectionn\u00e9e avec des mat\u00e9riaux de haute qualit\u00e9, elle garantit \u00e0 la fois confort et durabilit\u00e9, devenant un excellent choix pour cr\u00e9er un environnement accueillant et avec de la personnalit\u00e9.<\/p>\n","protected":false},"excerpt":{"rendered":"<p>Apportez \u00e9l\u00e9gance et confort \u00e0 votre foyer avec la housse de coussin \u00ab Winter Birds \u00bb de la collection COZY.<\/p>\n","protected":false},"featured_media":30722,"comment_status":"closed","ping_status":"closed","template":"","meta":[],"product_brand":[],"product_cat":[238,182,204],"product_tag":[181,176,166],"class_list":{"0":"post-50036","1":"product","2":"type-product","3":"status-publish","4":"has-post-thumbnail","6":"product_cat-coussins","7":"product_cat-textiles-2","8":"product_cat-promotions-2","9":"product_tag-integre-pim","10":"product_tag-petites-dimensions","11":"product_tag-produits-en-ligne","13":"first","14":"instock","15":"sale","16":"shipping-taxable","17":"purchasable","18":"product-type-simple"},"_links":{"self":[{"href":"https:\/\/casacumbia.com\/en\/wp-json\/wp\/v2\/product\/50036","targetHints":{"allow":["GET"]}}],"collection":[{"href":"https:\/\/casacumbia.com\/en\/wp-json\/wp\/v2\/product"}],"about":[{"href":"https:\/\/casacumbia.com\/en\/wp-json\/wp\/v2\/types\/product"}],"replies":[{"embeddable":true,"href":"https:\/\/casacumbia.com\/en\/wp-json\/wp\/v2\/comments?post=50036"}],"version-history":[{"count":2,"href":"https:\/\/casacumbia.com\/en\/wp-json\/wp\/v2\/product\/50036\/revisions"}],"predecessor-version":[{"id":54053,"href":"https:\/\/casacumbia.com\/en\/wp-json\/wp\/v2\/product\/50036\/revisions\/54053"}],"wp:featuredmedia":[{"embeddable":true,"href":"https:\/\/casacumbia.com\/en\/wp-json\/wp\/v2\/media\/30722"}],"wp:attachment":[{"href":"https:\/\/casacumbia.com\/en\/wp-json\/wp\/v2\/media?parent=50036"}],"wp:term":[{"taxonomy":"product_brand","embeddable":true,"href":"https:\/\/casacumbia.com\/en\/wp-json\/wp\/v2\/product_brand?post=50036"},{"taxonomy":"product_cat","embeddable":true,"href":"https:\/\/casacumbia.com\/en\/wp-json\/wp\/v2\/product_cat?post=50036"},{"taxonomy":"product_tag","embeddable":true,"href":"https:\/\/casacumbia.com\/en\/wp-json\/wp\/v2\/product_tag?post=50036"}],"curies":[{"name":"wp","href":"https:\/\/api.w.org\/{rel}","templated":true}]}}