{"id":50028,"date":"2025-07-20T18:17:21","date_gmt":"2025-07-20T16:17:21","guid":{"rendered":"https:\/\/casacumbia.com\/product\/grand-pot-de-fleurs-en-bambou-tarim\/"},"modified":"2025-09-21T15:13:37","modified_gmt":"2025-09-21T13:13:37","slug":"grand-pot-de-fleurs-en-bambou-tarim","status":"publish","type":"product","link":"https:\/\/casacumbia.com\/en\/produit\/grand-pot-de-fleurs-en-bambou-tarim\/","title":{"rendered":"Jardini\u00e8re en Bambou Grande TARIM"},"content":{"rendered":"<p>Jardini\u00e8re en Bambou Grande TARIM. Une pi\u00e8ce essentielle de casacumbia, parfaite pour apporter une touche de style et de confort \u00e0 votre espace avec originalit\u00e9 et charme. <\/p>\n","protected":false},"excerpt":{"rendered":"<p>Jardini\u00e8re en Bambou Grande TARIM. Une pi\u00e8ce essentielle de casacumbia, parfaite pour apporter une touche de style et de confort<\/p>\n","protected":false},"featured_media":30688,"comment_status":"closed","ping_status":"closed","template":"","meta":[],"product_brand":[],"product_cat":[218,251],"product_tag":[181,176,166],"class_list":{"0":"post-50028","1":"product","2":"type-product","3":"status-publish","4":"has-post-thumbnail","6":"product_cat-exterior-2","7":"product_cat-jardin","8":"product_tag-integre-pim","9":"product_tag-petites-dimensions","10":"product_tag-produits-en-ligne","12":"first","13":"instock","14":"shipping-taxable","15":"purchasable","16":"product-type-simple"},"_links":{"self":[{"href":"https:\/\/casacumbia.com\/en\/wp-json\/wp\/v2\/product\/50028","targetHints":{"allow":["GET"]}}],"collection":[{"href":"https:\/\/casacumbia.com\/en\/wp-json\/wp\/v2\/product"}],"about":[{"href":"https:\/\/casacumbia.com\/en\/wp-json\/wp\/v2\/types\/product"}],"replies":[{"embeddable":true,"href":"https:\/\/casacumbia.com\/en\/wp-json\/wp\/v2\/comments?post=50028"}],"version-history":[{"count":2,"href":"https:\/\/casacumbia.com\/en\/wp-json\/wp\/v2\/product\/50028\/revisions"}],"predecessor-version":[{"id":54049,"href":"https:\/\/casacumbia.com\/en\/wp-json\/wp\/v2\/product\/50028\/revisions\/54049"}],"wp:featuredmedia":[{"embeddable":true,"href":"https:\/\/casacumbia.com\/en\/wp-json\/wp\/v2\/media\/30688"}],"wp:attachment":[{"href":"https:\/\/casacumbia.com\/en\/wp-json\/wp\/v2\/media?parent=50028"}],"wp:term":[{"taxonomy":"product_brand","embeddable":true,"href":"https:\/\/casacumbia.com\/en\/wp-json\/wp\/v2\/product_brand?post=50028"},{"taxonomy":"product_cat","embeddable":true,"href":"https:\/\/casacumbia.com\/en\/wp-json\/wp\/v2\/product_cat?post=50028"},{"taxonomy":"product_tag","embeddable":true,"href":"https:\/\/casacumbia.com\/en\/wp-json\/wp\/v2\/product_tag?post=50028"}],"curies":[{"name":"wp","href":"https:\/\/api.w.org\/{rel}","templated":true}]}}