{"id":50026,"date":"2025-07-20T18:17:21","date_gmt":"2025-07-20T16:17:21","guid":{"rendered":"https:\/\/casacumbia.com\/product\/housse-de-coussin-avec-flocons-de-neige-new-bright\/"},"modified":"2025-09-21T15:13:36","modified_gmt":"2025-09-21T13:13:36","slug":"housse-de-coussin-avec-flocons-de-neige-new-bright","status":"publish","type":"product","link":"https:\/\/casacumbia.com\/en\/produit\/housse-de-coussin-avec-flocons-de-neige-new-bright\/","title":{"rendered":"Housse de Coussin avec Flocons de Neige NEW BRIGHT"},"content":{"rendered":"<p>Transformez votre environnement avec la housse de coussin de la collection NEW BRIGHT. Avec une taille de 45x45cm, cette pi\u00e8ce pr\u00e9sente un d\u00e9licat motif de flocons de neige, qui ajoute \u00e9l\u00e9gance et une touche de charme \u00e0 la d\u00e9coration. Id\u00e9ale pour canap\u00e9s, lits ou chaises, c&#8217;est un choix parfait pour cr\u00e9er un espace accueillant et sophistiqu\u00e9.  <\/p>\n","protected":false},"excerpt":{"rendered":"<p>Transformez votre environnement avec la housse de coussin de la collection NEW BRIGHT. Avec une taille de 45x45cm, cette pi\u00e8ce<\/p>\n","protected":false},"featured_media":30690,"comment_status":"closed","ping_status":"closed","template":"","meta":[],"product_brand":[],"product_cat":[238,182,204],"product_tag":[202,181,176,166],"class_list":{"0":"post-50026","1":"product","2":"type-product","3":"status-publish","4":"has-post-thumbnail","6":"product_cat-coussins","7":"product_cat-textiles-2","8":"product_cat-promotions-2","9":"product_tag-bienvenue","10":"product_tag-integre-pim","11":"product_tag-petites-dimensions","12":"product_tag-produits-en-ligne","14":"first","15":"instock","16":"sale","17":"shipping-taxable","18":"purchasable","19":"product-type-simple"},"_links":{"self":[{"href":"https:\/\/casacumbia.com\/en\/wp-json\/wp\/v2\/product\/50026","targetHints":{"allow":["GET"]}}],"collection":[{"href":"https:\/\/casacumbia.com\/en\/wp-json\/wp\/v2\/product"}],"about":[{"href":"https:\/\/casacumbia.com\/en\/wp-json\/wp\/v2\/types\/product"}],"replies":[{"embeddable":true,"href":"https:\/\/casacumbia.com\/en\/wp-json\/wp\/v2\/comments?post=50026"}],"version-history":[{"count":1,"href":"https:\/\/casacumbia.com\/en\/wp-json\/wp\/v2\/product\/50026\/revisions"}],"predecessor-version":[{"id":52926,"href":"https:\/\/casacumbia.com\/en\/wp-json\/wp\/v2\/product\/50026\/revisions\/52926"}],"wp:featuredmedia":[{"embeddable":true,"href":"https:\/\/casacumbia.com\/en\/wp-json\/wp\/v2\/media\/30690"}],"wp:attachment":[{"href":"https:\/\/casacumbia.com\/en\/wp-json\/wp\/v2\/media?parent=50026"}],"wp:term":[{"taxonomy":"product_brand","embeddable":true,"href":"https:\/\/casacumbia.com\/en\/wp-json\/wp\/v2\/product_brand?post=50026"},{"taxonomy":"product_cat","embeddable":true,"href":"https:\/\/casacumbia.com\/en\/wp-json\/wp\/v2\/product_cat?post=50026"},{"taxonomy":"product_tag","embeddable":true,"href":"https:\/\/casacumbia.com\/en\/wp-json\/wp\/v2\/product_tag?post=50026"}],"curies":[{"name":"wp","href":"https:\/\/api.w.org\/{rel}","templated":true}]}}