{"id":50025,"date":"2025-07-20T18:17:20","date_gmt":"2025-07-20T16:17:20","guid":{"rendered":"https:\/\/casacumbia.com\/product\/plateau-carrousel\/"},"modified":"2025-09-21T15:13:36","modified_gmt":"2025-09-21T13:13:36","slug":"plateau-carrousel","status":"publish","type":"product","link":"https:\/\/casacumbia.com\/en\/produit\/plateau-carrousel\/","title":{"rendered":"Plat de service CARROSSEL"},"content":{"rendered":"<p>La collection Carrousel, avec un design by casacumbia, est une c\u00e9l\u00e9bration de la magie de No\u00ebl, inspir\u00e9e par le charme des march\u00e9s de No\u00ebl. Chaque pi\u00e8ce est une promesse de moments sp\u00e9ciaux, o\u00f9 la joie et l&#8217;enchantement de cette \u00e9poque s&#8217;unissent \u00e0 votre table, cr\u00e9ant des souvenirs inoubliables. Transformez votre c\u00e9l\u00e9bration de No\u00ebl en un spectacle de magie et d&#8217;\u00e9l\u00e9gance.<\/p>\n","protected":false},"excerpt":{"rendered":"<p>La collection Carrousel, avec un design by casacumbia, est une c\u00e9l\u00e9bration de la magie de No\u00ebl, inspir\u00e9e par le charme<\/p>\n","protected":false},"featured_media":30670,"comment_status":"closed","ping_status":"closed","template":"","meta":[],"product_brand":[],"product_cat":[171,282,257],"product_tag":[181,176,166],"class_list":{"0":"post-50025","1":"product","2":"type-product","3":"status-publish","4":"has-post-thumbnail","6":"product_cat-table-2","7":"product_cat-planches","8":"product_cat-services","9":"product_tag-integre-pim","10":"product_tag-petites-dimensions","11":"product_tag-produits-en-ligne","13":"first","14":"instock","15":"shipping-taxable","16":"purchasable","17":"product-type-simple"},"_links":{"self":[{"href":"https:\/\/casacumbia.com\/en\/wp-json\/wp\/v2\/product\/50025","targetHints":{"allow":["GET"]}}],"collection":[{"href":"https:\/\/casacumbia.com\/en\/wp-json\/wp\/v2\/product"}],"about":[{"href":"https:\/\/casacumbia.com\/en\/wp-json\/wp\/v2\/types\/product"}],"replies":[{"embeddable":true,"href":"https:\/\/casacumbia.com\/en\/wp-json\/wp\/v2\/comments?post=50025"}],"version-history":[{"count":4,"href":"https:\/\/casacumbia.com\/en\/wp-json\/wp\/v2\/product\/50025\/revisions"}],"predecessor-version":[{"id":54505,"href":"https:\/\/casacumbia.com\/en\/wp-json\/wp\/v2\/product\/50025\/revisions\/54505"}],"wp:featuredmedia":[{"embeddable":true,"href":"https:\/\/casacumbia.com\/en\/wp-json\/wp\/v2\/media\/30670"}],"wp:attachment":[{"href":"https:\/\/casacumbia.com\/en\/wp-json\/wp\/v2\/media?parent=50025"}],"wp:term":[{"taxonomy":"product_brand","embeddable":true,"href":"https:\/\/casacumbia.com\/en\/wp-json\/wp\/v2\/product_brand?post=50025"},{"taxonomy":"product_cat","embeddable":true,"href":"https:\/\/casacumbia.com\/en\/wp-json\/wp\/v2\/product_cat?post=50025"},{"taxonomy":"product_tag","embeddable":true,"href":"https:\/\/casacumbia.com\/en\/wp-json\/wp\/v2\/product_tag?post=50025"}],"curies":[{"name":"wp","href":"https:\/\/api.w.org\/{rel}","templated":true}]}}