{"id":50022,"date":"2025-07-20T18:17:21","date_gmt":"2025-07-20T16:17:21","guid":{"rendered":"https:\/\/casacumbia.com\/product\/housse-de-coussin-rayee-rouge-et-blanc-cozy\/"},"modified":"2025-09-21T15:13:35","modified_gmt":"2025-09-21T13:13:35","slug":"housse-de-coussin-rayee-rouge-et-blanc-cozy","status":"publish","type":"product","link":"https:\/\/casacumbia.com\/en\/produit\/housse-de-coussin-rayee-rouge-et-blanc-cozy\/","title":{"rendered":"Housse de Coussin Rayures Rouges et Blanc COZY"},"content":{"rendered":"<p>Ajoutez de la couleur et du confort \u00e0 votre espace avec cette housse de coussin de la collection COZY, au format 45x45cm. Les rayures rouges cr\u00e9ent un visuel vibrant et chaleureux, id\u00e9al pour ceux qui souhaitent une touche de modernit\u00e9 dans la d\u00e9coration. Parfaite pour utiliser sur canap\u00e9s, chaises ou lits, cette housse est polyvalente et facile \u00e0 assortir avec diff\u00e9rents styles d&#8217;ambiance. Fabriqu\u00e9e avec des mat\u00e9riaux doux et durables, elle apporte une touche de douceur et de qualit\u00e9 \u00e0 votre foyer, rendant tout espace plus accueillant et plein de personnalit\u00e9.   <\/p>\n","protected":false},"excerpt":{"rendered":"<p>Ajoutez de la couleur et du confort \u00e0 votre espace avec cette housse de coussin de la collection COZY, au<\/p>\n","protected":false},"featured_media":30700,"comment_status":"closed","ping_status":"closed","template":"","meta":[],"product_brand":[],"product_cat":[238],"product_tag":[202,181,176,166],"class_list":{"0":"post-50022","1":"product","2":"type-product","3":"status-publish","4":"has-post-thumbnail","6":"product_cat-coussins","7":"product_tag-bienvenue","8":"product_tag-integre-pim","9":"product_tag-petites-dimensions","10":"product_tag-produits-en-ligne","12":"first","13":"instock","14":"shipping-taxable","15":"purchasable","16":"product-type-simple"},"_links":{"self":[{"href":"https:\/\/casacumbia.com\/en\/wp-json\/wp\/v2\/product\/50022","targetHints":{"allow":["GET"]}}],"collection":[{"href":"https:\/\/casacumbia.com\/en\/wp-json\/wp\/v2\/product"}],"about":[{"href":"https:\/\/casacumbia.com\/en\/wp-json\/wp\/v2\/types\/product"}],"replies":[{"embeddable":true,"href":"https:\/\/casacumbia.com\/en\/wp-json\/wp\/v2\/comments?post=50022"}],"version-history":[{"count":1,"href":"https:\/\/casacumbia.com\/en\/wp-json\/wp\/v2\/product\/50022\/revisions"}],"predecessor-version":[{"id":53117,"href":"https:\/\/casacumbia.com\/en\/wp-json\/wp\/v2\/product\/50022\/revisions\/53117"}],"wp:featuredmedia":[{"embeddable":true,"href":"https:\/\/casacumbia.com\/en\/wp-json\/wp\/v2\/media\/30700"}],"wp:attachment":[{"href":"https:\/\/casacumbia.com\/en\/wp-json\/wp\/v2\/media?parent=50022"}],"wp:term":[{"taxonomy":"product_brand","embeddable":true,"href":"https:\/\/casacumbia.com\/en\/wp-json\/wp\/v2\/product_brand?post=50022"},{"taxonomy":"product_cat","embeddable":true,"href":"https:\/\/casacumbia.com\/en\/wp-json\/wp\/v2\/product_cat?post=50022"},{"taxonomy":"product_tag","embeddable":true,"href":"https:\/\/casacumbia.com\/en\/wp-json\/wp\/v2\/product_tag?post=50022"}],"curies":[{"name":"wp","href":"https:\/\/api.w.org\/{rel}","templated":true}]}}