{"id":50021,"date":"2025-07-20T18:17:20","date_gmt":"2025-07-20T16:17:20","guid":{"rendered":"https:\/\/casacumbia.com\/product\/serviette-de-bain-et-de-visage-en-coton-gris-et-blanc-portuguese-soul\/"},"modified":"2025-09-21T15:13:35","modified_gmt":"2025-09-21T13:13:35","slug":"serviette-de-bain-et-de-visage-en-coton-gris-et-blanc-portuguese-soul","status":"publish","type":"product","link":"https:\/\/casacumbia.com\/en\/produit\/serviette-de-bain-et-de-visage-en-coton-gris-et-blanc-portuguese-soul\/","title":{"rendered":"Serviette de Bain Visage Coton Gris et Blanc PORTUGUESE SOUL"},"content":{"rendered":"<p>La collection PORTUGUESE SOUL est un hommage \u00e0 la vaste tradition de l&#8217;azulejaria portugaise, qui transforme les dessins g\u00e9om\u00e9triques et floraux iconiques en motifs contemporains. Fabriqu\u00e9es au Portugal, ces serviettes pr\u00e9sentent des tons de gris et de blanc, o\u00f9 le gris symbolise l&#8217;\u00e9l\u00e9gance et la sophistication des temps modernes, tandis que le blanc \u00e9voque la lumi\u00e8re qui caract\u00e9rise l&#8217;art des azulejos. <\/p>\n","protected":false},"excerpt":{"rendered":"<p>La collection PORTUGUESE SOUL est un hommage \u00e0 la vaste tradition de l&#8217;azulejaria portugaise, qui transforme les dessins g\u00e9om\u00e9triques et<\/p>\n","protected":false},"featured_media":30679,"comment_status":"closed","ping_status":"closed","template":"","meta":[],"product_brand":[],"product_cat":[299],"product_tag":[181,176,166],"class_list":{"0":"post-50021","1":"product","2":"type-product","3":"status-publish","4":"has-post-thumbnail","6":"product_cat-linge-de-bain","7":"product_tag-integre-pim","8":"product_tag-petites-dimensions","9":"product_tag-produits-en-ligne","11":"first","12":"instock","13":"shipping-taxable","14":"purchasable","15":"product-type-simple"},"_links":{"self":[{"href":"https:\/\/casacumbia.com\/en\/wp-json\/wp\/v2\/product\/50021","targetHints":{"allow":["GET"]}}],"collection":[{"href":"https:\/\/casacumbia.com\/en\/wp-json\/wp\/v2\/product"}],"about":[{"href":"https:\/\/casacumbia.com\/en\/wp-json\/wp\/v2\/types\/product"}],"replies":[{"embeddable":true,"href":"https:\/\/casacumbia.com\/en\/wp-json\/wp\/v2\/comments?post=50021"}],"version-history":[{"count":1,"href":"https:\/\/casacumbia.com\/en\/wp-json\/wp\/v2\/product\/50021\/revisions"}],"predecessor-version":[{"id":53504,"href":"https:\/\/casacumbia.com\/en\/wp-json\/wp\/v2\/product\/50021\/revisions\/53504"}],"wp:featuredmedia":[{"embeddable":true,"href":"https:\/\/casacumbia.com\/en\/wp-json\/wp\/v2\/media\/30679"}],"wp:attachment":[{"href":"https:\/\/casacumbia.com\/en\/wp-json\/wp\/v2\/media?parent=50021"}],"wp:term":[{"taxonomy":"product_brand","embeddable":true,"href":"https:\/\/casacumbia.com\/en\/wp-json\/wp\/v2\/product_brand?post=50021"},{"taxonomy":"product_cat","embeddable":true,"href":"https:\/\/casacumbia.com\/en\/wp-json\/wp\/v2\/product_cat?post=50021"},{"taxonomy":"product_tag","embeddable":true,"href":"https:\/\/casacumbia.com\/en\/wp-json\/wp\/v2\/product_tag?post=50021"}],"curies":[{"name":"wp","href":"https:\/\/api.w.org\/{rel}","templated":true}]}}