{"id":50019,"date":"2025-07-20T18:17:20","date_gmt":"2025-07-20T16:17:20","guid":{"rendered":"https:\/\/casacumbia.com\/product\/rideau-abstrait-jaune-et-gris-laki\/"},"modified":"2025-09-21T15:13:35","modified_gmt":"2025-09-21T13:13:35","slug":"rideau-abstrait-jaune-et-gris-laki","status":"publish","type":"product","link":"https:\/\/casacumbia.com\/en\/produit\/rideau-abstrait-jaune-et-gris-laki\/","title":{"rendered":"Rideau Abstrait Jaune et Gris LAKI"},"content":{"rendered":"<p>La collection Laki, l&#8217;un des best-sellers de casacumbia, est de retour ! <br \/> Cette collection d&#8217;inspiration r\u00e9tro apporte style et personnalit\u00e9 aux espaces gr\u00e2ce \u00e0 des motifs g\u00e9om\u00e9triques, abstraits et des textures intemporelles.<br \/> En plus des couleurs neutres qui sont toujours un choix s\u00fbr, le jaune apporte lumi\u00e8re et joie aux espaces.<\/p>\n","protected":false},"excerpt":{"rendered":"<p>La collection Laki, l&#8217;un des best-sellers de casacumbia, est de retour ! Cette collection d&#8217;inspiration r\u00e9tro apporte style et personnalit\u00e9<\/p>\n","protected":false},"featured_media":30644,"comment_status":"closed","ping_status":"closed","template":"","meta":[],"product_brand":[],"product_cat":[182,204,239],"product_tag":[186,187,188,190,203,166,195,191,192,193,194,196,198,199],"class_list":{"0":"post-50019","1":"product","2":"type-product","3":"status-publish","4":"has-post-thumbnail","6":"product_cat-textiles-2","7":"product_cat-promotions-2","8":"product_cat-rideaux","9":"product_tag-boutique_es_en","10":"product_tag-store_es_es-fr","11":"product_tag-store_es_fr-fr","12":"product_tag-boutique_es_pt","13":"product_tag-magento-fr","14":"product_tag-produits-en-ligne","15":"product_tag-store_default-fr","16":"product_tag-boutique_fr_en","17":"product_tag-boutique_fr_es","18":"product_tag-boutique_fr_fr","19":"product_tag-boutique_fr_pt","20":"product_tag-store_pt_en-fr","21":"product_tag-store_pt_es-fr","22":"product_tag-store_pt_fr-fr","24":"first","25":"instock","26":"sale","27":"shipping-taxable","28":"purchasable","29":"product-type-simple"},"_links":{"self":[{"href":"https:\/\/casacumbia.com\/en\/wp-json\/wp\/v2\/product\/50019","targetHints":{"allow":["GET"]}}],"collection":[{"href":"https:\/\/casacumbia.com\/en\/wp-json\/wp\/v2\/product"}],"about":[{"href":"https:\/\/casacumbia.com\/en\/wp-json\/wp\/v2\/types\/product"}],"replies":[{"embeddable":true,"href":"https:\/\/casacumbia.com\/en\/wp-json\/wp\/v2\/comments?post=50019"}],"version-history":[{"count":2,"href":"https:\/\/casacumbia.com\/en\/wp-json\/wp\/v2\/product\/50019\/revisions"}],"predecessor-version":[{"id":54045,"href":"https:\/\/casacumbia.com\/en\/wp-json\/wp\/v2\/product\/50019\/revisions\/54045"}],"wp:featuredmedia":[{"embeddable":true,"href":"https:\/\/casacumbia.com\/en\/wp-json\/wp\/v2\/media\/30644"}],"wp:attachment":[{"href":"https:\/\/casacumbia.com\/en\/wp-json\/wp\/v2\/media?parent=50019"}],"wp:term":[{"taxonomy":"product_brand","embeddable":true,"href":"https:\/\/casacumbia.com\/en\/wp-json\/wp\/v2\/product_brand?post=50019"},{"taxonomy":"product_cat","embeddable":true,"href":"https:\/\/casacumbia.com\/en\/wp-json\/wp\/v2\/product_cat?post=50019"},{"taxonomy":"product_tag","embeddable":true,"href":"https:\/\/casacumbia.com\/en\/wp-json\/wp\/v2\/product_tag?post=50019"}],"curies":[{"name":"wp","href":"https:\/\/api.w.org\/{rel}","templated":true}]}}