{"id":49994,"date":"2025-07-20T18:15:22","date_gmt":"2025-07-20T16:15:22","guid":{"rendered":"https:\/\/casacumbia.com\/product\/fauteuil-en-velours-vert-rudd\/"},"modified":"2025-09-21T15:13:30","modified_gmt":"2025-09-21T13:13:30","slug":"fauteuil-en-velours-vert-rudd","status":"publish","type":"product","link":"https:\/\/casacumbia.com\/en\/produit\/fauteuil-en-velours-vert-rudd\/","title":{"rendered":"Fauteuil Velours Vert RUDD"},"content":{"rendered":"<p>D\u00e9couvrez la collection de Fauteuils casacumbia avec livraison gratuite. Trouvez le Fauteuil id\u00e9al pour vous et pour votre maison. Mod\u00e8les modernes et confortables pour profiter et vous d\u00e9tendre en regardant la t\u00e9l\u00e9vision, le cin\u00e9ma, lire, dormir, travailler ou simplement vous relaxer<br \/>Avec fonctionnalit\u00e9 et sophistication en un seul endroit.  <\/p>\n<p>Id\u00e9al pour r\u00e9nover le salon avec \u00e9l\u00e9gance, les Fauteuils de casacumbia allient qualit\u00e9 et style europ\u00e9en.<\/p>\n<p>Exclusivement en Ligne chez casacumbia Pour une Dur\u00e9e Limit\u00e9e<\/p>\n","protected":false},"excerpt":{"rendered":"<p>D\u00e9couvrez la collection de Fauteuils casacumbia avec livraison gratuite. Trouvez le Fauteuil id\u00e9al pour vous et pour votre maison. Mod\u00e8les<\/p>\n","protected":false},"featured_media":29389,"comment_status":"closed","ping_status":"closed","template":"","meta":[],"product_brand":[],"product_cat":[246,149],"product_tag":[173,183,168,165,166],"class_list":{"0":"post-49994","1":"product","2":"type-product","3":"status-publish","4":"has-post-thumbnail","6":"product_cat-canapes","7":"product_cat-furniture-2","8":"product_tag-grandes-dimensions","9":"product_tag-importation-20-06","10":"product_tag-nouveautes_juin","11":"product_tag-pas_d_images","12":"product_tag-produits-en-ligne","14":"first","15":"instock","16":"shipping-taxable","17":"purchasable","18":"product-type-simple"},"_links":{"self":[{"href":"https:\/\/casacumbia.com\/en\/wp-json\/wp\/v2\/product\/49994","targetHints":{"allow":["GET"]}}],"collection":[{"href":"https:\/\/casacumbia.com\/en\/wp-json\/wp\/v2\/product"}],"about":[{"href":"https:\/\/casacumbia.com\/en\/wp-json\/wp\/v2\/types\/product"}],"replies":[{"embeddable":true,"href":"https:\/\/casacumbia.com\/en\/wp-json\/wp\/v2\/comments?post=49994"}],"version-history":[{"count":2,"href":"https:\/\/casacumbia.com\/en\/wp-json\/wp\/v2\/product\/49994\/revisions"}],"predecessor-version":[{"id":54039,"href":"https:\/\/casacumbia.com\/en\/wp-json\/wp\/v2\/product\/49994\/revisions\/54039"}],"wp:featuredmedia":[{"embeddable":true,"href":"https:\/\/casacumbia.com\/en\/wp-json\/wp\/v2\/media\/29389"}],"wp:attachment":[{"href":"https:\/\/casacumbia.com\/en\/wp-json\/wp\/v2\/media?parent=49994"}],"wp:term":[{"taxonomy":"product_brand","embeddable":true,"href":"https:\/\/casacumbia.com\/en\/wp-json\/wp\/v2\/product_brand?post=49994"},{"taxonomy":"product_cat","embeddable":true,"href":"https:\/\/casacumbia.com\/en\/wp-json\/wp\/v2\/product_cat?post=49994"},{"taxonomy":"product_tag","embeddable":true,"href":"https:\/\/casacumbia.com\/en\/wp-json\/wp\/v2\/product_tag?post=49994"}],"curies":[{"name":"wp","href":"https:\/\/api.w.org\/{rel}","templated":true}]}}