{"id":49993,"date":"2025-07-20T18:17:13","date_gmt":"2025-07-20T16:17:13","guid":{"rendered":"https:\/\/casacumbia.com\/product\/serviette-de-bain-visage-jacquard-floral-jaune-luoping\/"},"modified":"2025-09-21T15:13:30","modified_gmt":"2025-09-21T13:13:30","slug":"serviette-de-bain-visage-jacquard-floral-jaune-luoping","status":"publish","type":"product","link":"https:\/\/casacumbia.com\/en\/produit\/serviette-de-bain-visage-jacquard-floral-jaune-luoping\/","title":{"rendered":"Serviette de Toilette Jacquard Floral Jaune LUOPING"},"content":{"rendered":"<p>La Collection Luoping trouve son origine dans les champs chinois, o\u00f9 entre les mois de f\u00e9vrier et mars appara\u00eet une vaste mer de fleurs jaunes. Ces champs de fleurs jaunes s&#8217;\u00e9tendent \u00e0 l&#8217;horizon et deviennent une destination pleine de fleurs \u00e9clatantes qui attirent de nombreuses abeilles, c&#8217;est pourquoi ils sont consid\u00e9r\u00e9s comme d&#8217;importants champs dans la production de miel. <\/p>\n","protected":false},"excerpt":{"rendered":"<p>La Collection Luoping trouve son origine dans les champs chinois, o\u00f9 entre les mois de f\u00e9vrier et mars appara\u00eet une<\/p>\n","protected":false},"featured_media":30591,"comment_status":"closed","ping_status":"closed","template":"","meta":[],"product_brand":[],"product_cat":[299],"product_tag":[186,187,188,190,203,166,195,191,192,193,194,196,198,199],"class_list":{"0":"post-49993","1":"product","2":"type-product","3":"status-publish","4":"has-post-thumbnail","6":"product_cat-linge-de-bain","7":"product_tag-boutique_es_en","8":"product_tag-store_es_es-fr","9":"product_tag-store_es_fr-fr","10":"product_tag-boutique_es_pt","11":"product_tag-magento-fr","12":"product_tag-produits-en-ligne","13":"product_tag-store_default-fr","14":"product_tag-boutique_fr_en","15":"product_tag-boutique_fr_es","16":"product_tag-boutique_fr_fr","17":"product_tag-boutique_fr_pt","18":"product_tag-store_pt_en-fr","19":"product_tag-store_pt_es-fr","20":"product_tag-store_pt_fr-fr","22":"first","23":"instock","24":"shipping-taxable","25":"purchasable","26":"product-type-simple"},"_links":{"self":[{"href":"https:\/\/casacumbia.com\/en\/wp-json\/wp\/v2\/product\/49993","targetHints":{"allow":["GET"]}}],"collection":[{"href":"https:\/\/casacumbia.com\/en\/wp-json\/wp\/v2\/product"}],"about":[{"href":"https:\/\/casacumbia.com\/en\/wp-json\/wp\/v2\/types\/product"}],"replies":[{"embeddable":true,"href":"https:\/\/casacumbia.com\/en\/wp-json\/wp\/v2\/comments?post=49993"}],"version-history":[{"count":1,"href":"https:\/\/casacumbia.com\/en\/wp-json\/wp\/v2\/product\/49993\/revisions"}],"predecessor-version":[{"id":52920,"href":"https:\/\/casacumbia.com\/en\/wp-json\/wp\/v2\/product\/49993\/revisions\/52920"}],"wp:featuredmedia":[{"embeddable":true,"href":"https:\/\/casacumbia.com\/en\/wp-json\/wp\/v2\/media\/30591"}],"wp:attachment":[{"href":"https:\/\/casacumbia.com\/en\/wp-json\/wp\/v2\/media?parent=49993"}],"wp:term":[{"taxonomy":"product_brand","embeddable":true,"href":"https:\/\/casacumbia.com\/en\/wp-json\/wp\/v2\/product_brand?post=49993"},{"taxonomy":"product_cat","embeddable":true,"href":"https:\/\/casacumbia.com\/en\/wp-json\/wp\/v2\/product_cat?post=49993"},{"taxonomy":"product_tag","embeddable":true,"href":"https:\/\/casacumbia.com\/en\/wp-json\/wp\/v2\/product_tag?post=49993"}],"curies":[{"name":"wp","href":"https:\/\/api.w.org\/{rel}","templated":true}]}}