{"id":49992,"date":"2025-07-20T18:16:06","date_gmt":"2025-07-20T16:16:06","guid":{"rendered":"https:\/\/casacumbia.com\/product\/ensemble-danneaux-pour-tringle-doree-tribeca\/"},"modified":"2025-09-21T15:13:30","modified_gmt":"2025-09-21T13:13:30","slug":"ensemble-danneaux-pour-tringle-doree-tribeca","status":"publish","type":"product","link":"https:\/\/casacumbia.com\/en\/produit\/ensemble-danneaux-pour-tringle-doree-tribeca\/","title":{"rendered":"Ensemble d&#8217;Anneaux pour Tringle Dor\u00e9e TRIBECA"},"content":{"rendered":"<p>Ensemble d&#8217;Anneaux pour Tringle Dor\u00e9e TRIBECA. Une pi\u00e8ce essentielle de casacumbia, parfaite pour apporter une touche de style et de confort \u00e0 votre espace avec originalit\u00e9 et charme. <\/p>\n","protected":false},"excerpt":{"rendered":"<p>Ensemble d&#8217;Anneaux pour Tringle Dor\u00e9e TRIBECA. Une pi\u00e8ce essentielle de casacumbia, parfaite pour apporter une touche de style et de<\/p>\n","protected":false},"featured_media":29817,"comment_status":"closed","ping_status":"closed","template":"","meta":[],"product_brand":[],"product_cat":[182,204,239],"product_tag":[181,176,166],"class_list":{"0":"post-49992","1":"product","2":"type-product","3":"status-publish","4":"has-post-thumbnail","6":"product_cat-textiles-2","7":"product_cat-promotions-2","8":"product_cat-rideaux","9":"product_tag-integre-pim","10":"product_tag-petites-dimensions","11":"product_tag-produits-en-ligne","13":"first","14":"instock","15":"sale","16":"shipping-taxable","17":"purchasable","18":"product-type-simple"},"_links":{"self":[{"href":"https:\/\/casacumbia.com\/en\/wp-json\/wp\/v2\/product\/49992","targetHints":{"allow":["GET"]}}],"collection":[{"href":"https:\/\/casacumbia.com\/en\/wp-json\/wp\/v2\/product"}],"about":[{"href":"https:\/\/casacumbia.com\/en\/wp-json\/wp\/v2\/types\/product"}],"replies":[{"embeddable":true,"href":"https:\/\/casacumbia.com\/en\/wp-json\/wp\/v2\/comments?post=49992"}],"version-history":[{"count":2,"href":"https:\/\/casacumbia.com\/en\/wp-json\/wp\/v2\/product\/49992\/revisions"}],"predecessor-version":[{"id":54038,"href":"https:\/\/casacumbia.com\/en\/wp-json\/wp\/v2\/product\/49992\/revisions\/54038"}],"wp:featuredmedia":[{"embeddable":true,"href":"https:\/\/casacumbia.com\/en\/wp-json\/wp\/v2\/media\/29817"}],"wp:attachment":[{"href":"https:\/\/casacumbia.com\/en\/wp-json\/wp\/v2\/media?parent=49992"}],"wp:term":[{"taxonomy":"product_brand","embeddable":true,"href":"https:\/\/casacumbia.com\/en\/wp-json\/wp\/v2\/product_brand?post=49992"},{"taxonomy":"product_cat","embeddable":true,"href":"https:\/\/casacumbia.com\/en\/wp-json\/wp\/v2\/product_cat?post=49992"},{"taxonomy":"product_tag","embeddable":true,"href":"https:\/\/casacumbia.com\/en\/wp-json\/wp\/v2\/product_tag?post=49992"}],"curies":[{"name":"wp","href":"https:\/\/api.w.org\/{rel}","templated":true}]}}