{"id":49981,"date":"2025-07-20T18:17:13","date_gmt":"2025-07-20T16:17:13","guid":{"rendered":"https:\/\/casacumbia.com\/product\/serviette-de-bain-en-coton-a-rayures-esna-2\/"},"modified":"2025-09-21T15:13:27","modified_gmt":"2025-09-21T13:13:27","slug":"serviette-de-bain-en-coton-a-rayures-esna-2","status":"publish","type":"product","link":"https:\/\/casacumbia.com\/en\/produit\/serviette-de-bain-en-coton-a-rayures-esna-2\/","title":{"rendered":"Serviette de Bain Coton Rayures ESNA"},"content":{"rendered":"<p>La Collection Esna est une petite ville d&#8217;\u00c9gypte, o\u00f9 les couleurs neutres pr\u00e9sentent un symbolisme et o\u00f9 le relief pr\u00e9sent dans les monuments est visible. Pour cette nouvelle collection, nous avons choisi de r\u00e9unir trois motifs, avec des textures, du relief, mais dans la m\u00eame palette de couleurs : les serviettes \u00e0 rayures, gr\u00e2ce \u00e0 leur structure, servent de pont entre les deux couleurs de la collection &#8211; jaune et bleu. <\/p>\n","protected":false},"excerpt":{"rendered":"<p>La Collection Esna est une petite ville d&#8217;\u00c9gypte, o\u00f9 les couleurs neutres pr\u00e9sentent un symbolisme et o\u00f9 le relief pr\u00e9sent<\/p>\n","protected":false},"featured_media":30603,"comment_status":"closed","ping_status":"closed","template":"","meta":[],"product_brand":[],"product_cat":[299],"product_tag":[186,187,188,190,203,166,195,191,192,193,194,196,198,199],"class_list":{"0":"post-49981","1":"product","2":"type-product","3":"status-publish","4":"has-post-thumbnail","6":"product_cat-linge-de-bain","7":"product_tag-boutique_es_en","8":"product_tag-store_es_es-fr","9":"product_tag-store_es_fr-fr","10":"product_tag-boutique_es_pt","11":"product_tag-magento-fr","12":"product_tag-produits-en-ligne","13":"product_tag-store_default-fr","14":"product_tag-boutique_fr_en","15":"product_tag-boutique_fr_es","16":"product_tag-boutique_fr_fr","17":"product_tag-boutique_fr_pt","18":"product_tag-store_pt_en-fr","19":"product_tag-store_pt_es-fr","20":"product_tag-store_pt_fr-fr","22":"first","23":"instock","24":"shipping-taxable","25":"purchasable","26":"product-type-simple"},"_links":{"self":[{"href":"https:\/\/casacumbia.com\/en\/wp-json\/wp\/v2\/product\/49981","targetHints":{"allow":["GET"]}}],"collection":[{"href":"https:\/\/casacumbia.com\/en\/wp-json\/wp\/v2\/product"}],"about":[{"href":"https:\/\/casacumbia.com\/en\/wp-json\/wp\/v2\/types\/product"}],"replies":[{"embeddable":true,"href":"https:\/\/casacumbia.com\/en\/wp-json\/wp\/v2\/comments?post=49981"}],"version-history":[{"count":1,"href":"https:\/\/casacumbia.com\/en\/wp-json\/wp\/v2\/product\/49981\/revisions"}],"predecessor-version":[{"id":53011,"href":"https:\/\/casacumbia.com\/en\/wp-json\/wp\/v2\/product\/49981\/revisions\/53011"}],"wp:featuredmedia":[{"embeddable":true,"href":"https:\/\/casacumbia.com\/en\/wp-json\/wp\/v2\/media\/30603"}],"wp:attachment":[{"href":"https:\/\/casacumbia.com\/en\/wp-json\/wp\/v2\/media?parent=49981"}],"wp:term":[{"taxonomy":"product_brand","embeddable":true,"href":"https:\/\/casacumbia.com\/en\/wp-json\/wp\/v2\/product_brand?post=49981"},{"taxonomy":"product_cat","embeddable":true,"href":"https:\/\/casacumbia.com\/en\/wp-json\/wp\/v2\/product_cat?post=49981"},{"taxonomy":"product_tag","embeddable":true,"href":"https:\/\/casacumbia.com\/en\/wp-json\/wp\/v2\/product_tag?post=49981"}],"curies":[{"name":"wp","href":"https:\/\/api.w.org\/{rel}","templated":true}]}}