{"id":49978,"date":"2025-07-20T18:17:20","date_gmt":"2025-07-20T16:17:20","guid":{"rendered":"https:\/\/casacumbia.com\/product\/housse-de-coussin-chat-music-vibes-chats-de-rock\/"},"modified":"2025-09-21T15:13:27","modified_gmt":"2025-09-21T13:13:27","slug":"housse-de-coussin-chat-music-vibes-chats-de-rock","status":"publish","type":"product","link":"https:\/\/casacumbia.com\/en\/produit\/housse-de-coussin-chat-music-vibes-chats-de-rock\/","title":{"rendered":"Housse de Coussin Chat Music Vibes CHATS DE ROCK"},"content":{"rendered":"<p>Une collection inspir\u00e9e du Rock in Rio, une sc\u00e8ne qui au fil des ann\u00e9es a vu d\u00e9filer des ic\u00f4nes du Rock au Pop, cette collection est une fusion de l&#8217;ADN casacumbia avec l&#8217;essence du Rock in Rio. Nous pr\u00e9sentons 4 styles musicaux qui ont toujours marqu\u00e9 leur pr\u00e9sence au festival : Funk, Rock, Pop et MPB. Chacun est repr\u00e9sent\u00e9 par un chat distinct, chacun avec des caract\u00e9ristiques uniques de ses inspirations.<\/p>\n<p>Housse Chat Music Vibes &#8211; avec le vert et le motif inspir\u00e9 de la v\u00e9g\u00e9tation et des vues a\u00e9riennes du Br\u00e9sil o\u00f9 les touches g\u00e9om\u00e9triques lui conf\u00e8rent une modernit\u00e9 intemporelle.<\/p>\n","protected":false},"excerpt":{"rendered":"<p>Une collection inspir\u00e9e du Rock in Rio, une sc\u00e8ne qui au fil des ann\u00e9es a vu d\u00e9filer des ic\u00f4nes du<\/p>\n","protected":false},"featured_media":30628,"comment_status":"closed","ping_status":"closed","template":"","meta":[],"product_brand":[],"product_cat":[238,182,204],"product_tag":[186,187,188,190,275,210,203,166,195,191,192,193,194,196,198,199],"class_list":{"0":"post-49978","1":"product","2":"type-product","3":"status-publish","4":"has-post-thumbnail","6":"product_cat-coussins","7":"product_cat-textiles-2","8":"product_cat-promotions-2","9":"product_tag-boutique_es_en","10":"product_tag-store_es_es-fr","11":"product_tag-store_es_fr-fr","12":"product_tag-boutique_es_pt","13":"product_tag-categorie_categorie-par-defaut-mobilier-rock-in-rio-par-casacumbia","14":"product_tag-categorie_categorie-par-defaut-mobilier-rock-in-rio-par-gato-preto","15":"product_tag-magento-fr","16":"product_tag-produits-en-ligne","17":"product_tag-store_default-fr","18":"product_tag-boutique_fr_en","19":"product_tag-boutique_fr_es","20":"product_tag-boutique_fr_fr","21":"product_tag-boutique_fr_pt","22":"product_tag-store_pt_en-fr","23":"product_tag-store_pt_es-fr","24":"product_tag-store_pt_fr-fr","26":"first","27":"instock","28":"sale","29":"shipping-taxable","30":"purchasable","31":"product-type-simple"},"_links":{"self":[{"href":"https:\/\/casacumbia.com\/en\/wp-json\/wp\/v2\/product\/49978","targetHints":{"allow":["GET"]}}],"collection":[{"href":"https:\/\/casacumbia.com\/en\/wp-json\/wp\/v2\/product"}],"about":[{"href":"https:\/\/casacumbia.com\/en\/wp-json\/wp\/v2\/types\/product"}],"replies":[{"embeddable":true,"href":"https:\/\/casacumbia.com\/en\/wp-json\/wp\/v2\/comments?post=49978"}],"version-history":[{"count":3,"href":"https:\/\/casacumbia.com\/en\/wp-json\/wp\/v2\/product\/49978\/revisions"}],"predecessor-version":[{"id":54500,"href":"https:\/\/casacumbia.com\/en\/wp-json\/wp\/v2\/product\/49978\/revisions\/54500"}],"wp:featuredmedia":[{"embeddable":true,"href":"https:\/\/casacumbia.com\/en\/wp-json\/wp\/v2\/media\/30628"}],"wp:attachment":[{"href":"https:\/\/casacumbia.com\/en\/wp-json\/wp\/v2\/media?parent=49978"}],"wp:term":[{"taxonomy":"product_brand","embeddable":true,"href":"https:\/\/casacumbia.com\/en\/wp-json\/wp\/v2\/product_brand?post=49978"},{"taxonomy":"product_cat","embeddable":true,"href":"https:\/\/casacumbia.com\/en\/wp-json\/wp\/v2\/product_cat?post=49978"},{"taxonomy":"product_tag","embeddable":true,"href":"https:\/\/casacumbia.com\/en\/wp-json\/wp\/v2\/product_tag?post=49978"}],"curies":[{"name":"wp","href":"https:\/\/api.w.org\/{rel}","templated":true}]}}