{"id":49970,"date":"2025-07-20T18:17:03","date_gmt":"2025-07-20T16:17:03","guid":{"rendered":"https:\/\/casacumbia.com\/product\/housse-de-coussin-rayee-blanche-heritage\/"},"modified":"2025-09-21T15:13:25","modified_gmt":"2025-09-21T13:13:25","slug":"housse-de-coussin-rayee-blanche-heritage","status":"publish","type":"product","link":"https:\/\/casacumbia.com\/en\/produit\/housse-de-coussin-rayee-blanche-heritage\/","title":{"rendered":"Housse de Coussin Rayures Blanc HERITAGE"},"content":{"rendered":"<p>La collection de linge de lit HERITAGE est un hommage aux racines et \u00e0 l&#8217;ADN du Gato. Explorez une vari\u00e9t\u00e9 de motifs g\u00e9om\u00e9triques classiques et intemporels, con\u00e7us pour \u00eatre combin\u00e9s et cr\u00e9er une d\u00e9coration \u00e9l\u00e9gante et dynamique. Polyvalents, ces motifs s&#8217;adaptent \u00e0 diff\u00e9rents styles de d\u00e9coration, apportant style et personnalit\u00e9 aux environnements classiques ou d\u00e9contract\u00e9s. Transformez votre espace avec la sophistication et le caract\u00e8re distinctif de la collection Heritage.   <\/p>\n","protected":false},"excerpt":{"rendered":"<p>La collection de linge de lit HERITAGE est un hommage aux racines et \u00e0 l&#8217;ADN du Gato. Explorez une vari\u00e9t\u00e9<\/p>\n","protected":false},"featured_media":30461,"comment_status":"closed","ping_status":"closed","template":"","meta":[],"product_brand":[],"product_cat":[238],"product_tag":[181,176,166],"class_list":{"0":"post-49970","1":"product","2":"type-product","3":"status-publish","4":"has-post-thumbnail","6":"product_cat-coussins","7":"product_tag-integre-pim","8":"product_tag-petites-dimensions","9":"product_tag-produits-en-ligne","11":"first","12":"instock","13":"shipping-taxable","14":"purchasable","15":"product-type-simple"},"_links":{"self":[{"href":"https:\/\/casacumbia.com\/en\/wp-json\/wp\/v2\/product\/49970","targetHints":{"allow":["GET"]}}],"collection":[{"href":"https:\/\/casacumbia.com\/en\/wp-json\/wp\/v2\/product"}],"about":[{"href":"https:\/\/casacumbia.com\/en\/wp-json\/wp\/v2\/types\/product"}],"replies":[{"embeddable":true,"href":"https:\/\/casacumbia.com\/en\/wp-json\/wp\/v2\/comments?post=49970"}],"version-history":[{"count":1,"href":"https:\/\/casacumbia.com\/en\/wp-json\/wp\/v2\/product\/49970\/revisions"}],"predecessor-version":[{"id":52993,"href":"https:\/\/casacumbia.com\/en\/wp-json\/wp\/v2\/product\/49970\/revisions\/52993"}],"wp:featuredmedia":[{"embeddable":true,"href":"https:\/\/casacumbia.com\/en\/wp-json\/wp\/v2\/media\/30461"}],"wp:attachment":[{"href":"https:\/\/casacumbia.com\/en\/wp-json\/wp\/v2\/media?parent=49970"}],"wp:term":[{"taxonomy":"product_brand","embeddable":true,"href":"https:\/\/casacumbia.com\/en\/wp-json\/wp\/v2\/product_brand?post=49970"},{"taxonomy":"product_cat","embeddable":true,"href":"https:\/\/casacumbia.com\/en\/wp-json\/wp\/v2\/product_cat?post=49970"},{"taxonomy":"product_tag","embeddable":true,"href":"https:\/\/casacumbia.com\/en\/wp-json\/wp\/v2\/product_tag?post=49970"}],"curies":[{"name":"wp","href":"https:\/\/api.w.org\/{rel}","templated":true}]}}