{"id":49965,"date":"2025-07-20T18:17:03","date_gmt":"2025-07-20T16:17:03","guid":{"rendered":"https:\/\/casacumbia.com\/product\/serviette-de-bain-visage-en-coton-avec-fleurs-brodees-wild-flowers\/"},"modified":"2025-09-21T15:13:22","modified_gmt":"2025-09-21T13:13:22","slug":"serviette-de-bain-visage-en-coton-avec-fleurs-brodees-wild-flowers","status":"publish","type":"product","link":"https:\/\/casacumbia.com\/en\/produit\/serviette-de-bain-visage-en-coton-avec-fleurs-brodees-wild-flowers\/","title":{"rendered":"Serviette de Toilette Visage Coton Fleurs Brod\u00e9es WILD FLOWERS"},"content":{"rendered":"<p>Serviette de Toilette Visage Coton Fleurs Brod\u00e9es WILD FLOWERS. Une pi\u00e8ce essentielle de casacumbia, parfaite pour apporter une touche de style et de confort \u00e0 votre espace avec originalit\u00e9 et charme. <\/p>\n","protected":false},"excerpt":{"rendered":"<p>Serviette de Toilette Visage Coton Fleurs Brod\u00e9es WILD FLOWERS. Une pi\u00e8ce essentielle de casacumbia, parfaite pour apporter une touche de<\/p>\n","protected":false},"featured_media":30478,"comment_status":"closed","ping_status":"closed","template":"","meta":[],"product_brand":[],"product_cat":[299,204,197],"product_tag":[181,176,166],"class_list":{"0":"post-49965","1":"product","2":"type-product","3":"status-publish","4":"has-post-thumbnail","6":"product_cat-linge-de-bain","7":"product_cat-promotions-2","8":"product_cat-bath-2","9":"product_tag-integre-pim","10":"product_tag-petites-dimensions","11":"product_tag-produits-en-ligne","13":"first","14":"instock","15":"sale","16":"shipping-taxable","17":"purchasable","18":"product-type-simple"},"_links":{"self":[{"href":"https:\/\/casacumbia.com\/en\/wp-json\/wp\/v2\/product\/49965","targetHints":{"allow":["GET"]}}],"collection":[{"href":"https:\/\/casacumbia.com\/en\/wp-json\/wp\/v2\/product"}],"about":[{"href":"https:\/\/casacumbia.com\/en\/wp-json\/wp\/v2\/types\/product"}],"replies":[{"embeddable":true,"href":"https:\/\/casacumbia.com\/en\/wp-json\/wp\/v2\/comments?post=49965"}],"version-history":[{"count":2,"href":"https:\/\/casacumbia.com\/en\/wp-json\/wp\/v2\/product\/49965\/revisions"}],"predecessor-version":[{"id":54029,"href":"https:\/\/casacumbia.com\/en\/wp-json\/wp\/v2\/product\/49965\/revisions\/54029"}],"wp:featuredmedia":[{"embeddable":true,"href":"https:\/\/casacumbia.com\/en\/wp-json\/wp\/v2\/media\/30478"}],"wp:attachment":[{"href":"https:\/\/casacumbia.com\/en\/wp-json\/wp\/v2\/media?parent=49965"}],"wp:term":[{"taxonomy":"product_brand","embeddable":true,"href":"https:\/\/casacumbia.com\/en\/wp-json\/wp\/v2\/product_brand?post=49965"},{"taxonomy":"product_cat","embeddable":true,"href":"https:\/\/casacumbia.com\/en\/wp-json\/wp\/v2\/product_cat?post=49965"},{"taxonomy":"product_tag","embeddable":true,"href":"https:\/\/casacumbia.com\/en\/wp-json\/wp\/v2\/product_tag?post=49965"}],"curies":[{"name":"wp","href":"https:\/\/api.w.org\/{rel}","templated":true}]}}