{"id":49963,"date":"2025-07-20T18:17:03","date_gmt":"2025-07-20T16:17:03","guid":{"rendered":"https:\/\/casacumbia.com\/product\/edredon-gris-avec-surpiqure-en-forme-de-feuille-250x270-homy\/"},"modified":"2025-09-21T15:13:22","modified_gmt":"2025-09-21T13:13:22","slug":"edredon-gris-avec-surpiqure-en-forme-de-feuille-250x270-homy","status":"publish","type":"product","link":"https:\/\/casacumbia.com\/en\/produit\/edredon-gris-avec-surpiqure-en-forme-de-feuille-250x270-homy\/","title":{"rendered":"Couette avec Piq\u00fbre de Feuille Grise 250&#215;270 HOMY"},"content":{"rendered":"<p>La Collection AURA apporte \u00e9l\u00e9gance et sophistication \u00e0 votre environnement, avec des couvre-lits et des housses de coussin disponibles en quatre couleurs d\u00e9licates. Chaque pi\u00e8ce est soigneusement travaill\u00e9e avec une surpiq\u00fbre raffin\u00e9e, cr\u00e9ant un design exclusif qui ajoute une touche de raffinement et de confort \u00e0 votre espace.  Id\u00e9al pour ceux qui recherchent qualit\u00e9 et \u00e9l\u00e9gance dans chaque d\u00e9tail.<\/p>\n<p>Confectionn\u00e9e en 100 % polyester, la housse de coussin allie durabilit\u00e9 et confort, avec une finition impeccable qui rehausse la sophistication de votre environnement. D&#8217;entretien pratique, elle peut \u00eatre lav\u00e9e en machine, garantissant beaut\u00e9 et fonctionnalit\u00e9 bien plus longtemps. <\/p>\n","protected":false},"excerpt":{"rendered":"<p>La Collection AURA apporte \u00e9l\u00e9gance et sophistication \u00e0 votre environnement, avec des couvre-lits et des housses de coussin disponibles en<\/p>\n","protected":false},"featured_media":30505,"comment_status":"closed","ping_status":"closed","template":"","meta":[],"product_brand":[],"product_cat":[303],"product_tag":[181,176,166],"class_list":{"0":"post-49963","1":"product","2":"type-product","3":"status-publish","4":"has-post-thumbnail","6":"product_cat-couettes-garnissages","7":"product_tag-integre-pim","8":"product_tag-petites-dimensions","9":"product_tag-produits-en-ligne","11":"first","12":"instock","13":"shipping-taxable","14":"purchasable","15":"product-type-simple"},"_links":{"self":[{"href":"https:\/\/casacumbia.com\/en\/wp-json\/wp\/v2\/product\/49963","targetHints":{"allow":["GET"]}}],"collection":[{"href":"https:\/\/casacumbia.com\/en\/wp-json\/wp\/v2\/product"}],"about":[{"href":"https:\/\/casacumbia.com\/en\/wp-json\/wp\/v2\/types\/product"}],"replies":[{"embeddable":true,"href":"https:\/\/casacumbia.com\/en\/wp-json\/wp\/v2\/comments?post=49963"}],"version-history":[{"count":1,"href":"https:\/\/casacumbia.com\/en\/wp-json\/wp\/v2\/product\/49963\/revisions"}],"predecessor-version":[{"id":53758,"href":"https:\/\/casacumbia.com\/en\/wp-json\/wp\/v2\/product\/49963\/revisions\/53758"}],"wp:featuredmedia":[{"embeddable":true,"href":"https:\/\/casacumbia.com\/en\/wp-json\/wp\/v2\/media\/30505"}],"wp:attachment":[{"href":"https:\/\/casacumbia.com\/en\/wp-json\/wp\/v2\/media?parent=49963"}],"wp:term":[{"taxonomy":"product_brand","embeddable":true,"href":"https:\/\/casacumbia.com\/en\/wp-json\/wp\/v2\/product_brand?post=49963"},{"taxonomy":"product_cat","embeddable":true,"href":"https:\/\/casacumbia.com\/en\/wp-json\/wp\/v2\/product_cat?post=49963"},{"taxonomy":"product_tag","embeddable":true,"href":"https:\/\/casacumbia.com\/en\/wp-json\/wp\/v2\/product_tag?post=49963"}],"curies":[{"name":"wp","href":"https:\/\/api.w.org\/{rel}","templated":true}]}}