{"id":49951,"date":"2025-07-20T18:17:03","date_gmt":"2025-07-20T16:17:03","guid":{"rendered":"https:\/\/casacumbia.com\/product\/nappe-anti-taches-rectangulaire-150x250-fruits-tropical\/"},"modified":"2025-09-21T15:13:19","modified_gmt":"2025-09-21T13:13:19","slug":"nappe-anti-taches-rectangulaire-150x250-fruits-tropical","status":"publish","type":"product","link":"https:\/\/casacumbia.com\/en\/produit\/nappe-anti-taches-rectangulaire-150x250-fruits-tropical\/","title":{"rendered":"Nappe Anti-Taches Rectangulaire 150&#215;250 Fruits TROPICAL"},"content":{"rendered":"<p>La Collection Tropical pr\u00e9sente des contrastes satur\u00e9s \u00e9clatants et des formes ornementales qui donnent vie aux designs audacieux et amusants, et qui ajoutent certainement une touche de personnalit\u00e9 aux r\u00e9unions estivales.<\/p>\n<p>Embrassez l&#8217;\u00e9nergie vibrante des tropiques avec la Collection Tropical, avec des \u00e9l\u00e9ments tropicaux peints \u00e0 la main comme la papaye, le pitaya et la banane qui dansent en harmonie sur des assiettes en m\u00e9lamine, des nappes et des bo\u00eetes \u00e0 lunch.<\/p>\n","protected":false},"excerpt":{"rendered":"<p>La Collection Tropical pr\u00e9sente des contrastes satur\u00e9s \u00e9clatants et des formes ornementales qui donnent vie aux designs audacieux et amusants,<\/p>\n","protected":false},"featured_media":30524,"comment_status":"closed","ping_status":"closed","template":"","meta":[],"product_brand":[],"product_cat":[259,204,197],"product_tag":[186,187,188,190,203,166,195,191,192,193,194,196,198,199],"class_list":{"0":"post-49951","1":"product","2":"type-product","3":"status-publish","4":"has-post-thumbnail","6":"product_cat-lingetable","7":"product_cat-promotions-2","8":"product_cat-bath-2","9":"product_tag-boutique_es_en","10":"product_tag-store_es_es-fr","11":"product_tag-store_es_fr-fr","12":"product_tag-boutique_es_pt","13":"product_tag-magento-fr","14":"product_tag-produits-en-ligne","15":"product_tag-store_default-fr","16":"product_tag-boutique_fr_en","17":"product_tag-boutique_fr_es","18":"product_tag-boutique_fr_fr","19":"product_tag-boutique_fr_pt","20":"product_tag-store_pt_en-fr","21":"product_tag-store_pt_es-fr","22":"product_tag-store_pt_fr-fr","24":"first","25":"instock","26":"sale","27":"shipping-taxable","28":"purchasable","29":"product-type-simple"},"_links":{"self":[{"href":"https:\/\/casacumbia.com\/en\/wp-json\/wp\/v2\/product\/49951","targetHints":{"allow":["GET"]}}],"collection":[{"href":"https:\/\/casacumbia.com\/en\/wp-json\/wp\/v2\/product"}],"about":[{"href":"https:\/\/casacumbia.com\/en\/wp-json\/wp\/v2\/types\/product"}],"replies":[{"embeddable":true,"href":"https:\/\/casacumbia.com\/en\/wp-json\/wp\/v2\/comments?post=49951"}],"version-history":[{"count":3,"href":"https:\/\/casacumbia.com\/en\/wp-json\/wp\/v2\/product\/49951\/revisions"}],"predecessor-version":[{"id":54376,"href":"https:\/\/casacumbia.com\/en\/wp-json\/wp\/v2\/product\/49951\/revisions\/54376"}],"wp:featuredmedia":[{"embeddable":true,"href":"https:\/\/casacumbia.com\/en\/wp-json\/wp\/v2\/media\/30524"}],"wp:attachment":[{"href":"https:\/\/casacumbia.com\/en\/wp-json\/wp\/v2\/media?parent=49951"}],"wp:term":[{"taxonomy":"product_brand","embeddable":true,"href":"https:\/\/casacumbia.com\/en\/wp-json\/wp\/v2\/product_brand?post=49951"},{"taxonomy":"product_cat","embeddable":true,"href":"https:\/\/casacumbia.com\/en\/wp-json\/wp\/v2\/product_cat?post=49951"},{"taxonomy":"product_tag","embeddable":true,"href":"https:\/\/casacumbia.com\/en\/wp-json\/wp\/v2\/product_tag?post=49951"}],"curies":[{"name":"wp","href":"https:\/\/api.w.org\/{rel}","templated":true}]}}