{"id":49950,"date":"2025-07-20T18:17:04","date_gmt":"2025-07-20T16:17:04","guid":{"rendered":"https:\/\/casacumbia.com\/product\/vases-boules-beige-moonstone\/"},"modified":"2025-09-21T15:13:19","modified_gmt":"2025-09-21T13:13:19","slug":"vases-boules-beige-moonstone","status":"publish","type":"product","link":"https:\/\/casacumbia.com\/en\/produit\/vases-boules-beige-moonstone\/","title":{"rendered":"Vases Boules Beige MOONSTONE"},"content":{"rendered":"<p>Vases Boules Beige MOONSTONE. Une pi\u00e8ce essentielle de casacumbia, parfaite pour apporter une touche de style et de confort \u00e0 votre espace avec originalit\u00e9 et charme.<\/p>\n","protected":false},"excerpt":{"rendered":"<p>Vases Boules Beige MOONSTONE. Une pi\u00e8ce essentielle de casacumbia, parfaite pour apporter une touche de style et de confort \u00e0<\/p>\n","protected":false},"featured_media":30541,"comment_status":"closed","ping_status":"closed","template":"","meta":[],"product_brand":[],"product_cat":[206,260],"product_tag":[186,187,188,190,166,195,191,192,193,194,196,198,199],"class_list":{"0":"post-49950","1":"product","2":"type-product","3":"status-publish","4":"has-post-thumbnail","6":"product_cat-decoration-2","7":"product_cat-objetdecoratifs","8":"product_tag-boutique_es_en","9":"product_tag-store_es_es-fr","10":"product_tag-store_es_fr-fr","11":"product_tag-boutique_es_pt","12":"product_tag-produits-en-ligne","13":"product_tag-store_default-fr","14":"product_tag-boutique_fr_en","15":"product_tag-boutique_fr_es","16":"product_tag-boutique_fr_fr","17":"product_tag-boutique_fr_pt","18":"product_tag-store_pt_en-fr","19":"product_tag-store_pt_es-fr","20":"product_tag-store_pt_fr-fr","22":"first","23":"instock","24":"shipping-taxable","25":"purchasable","26":"product-type-simple"},"_links":{"self":[{"href":"https:\/\/casacumbia.com\/en\/wp-json\/wp\/v2\/product\/49950","targetHints":{"allow":["GET"]}}],"collection":[{"href":"https:\/\/casacumbia.com\/en\/wp-json\/wp\/v2\/product"}],"about":[{"href":"https:\/\/casacumbia.com\/en\/wp-json\/wp\/v2\/types\/product"}],"replies":[{"embeddable":true,"href":"https:\/\/casacumbia.com\/en\/wp-json\/wp\/v2\/comments?post=49950"}],"version-history":[{"count":4,"href":"https:\/\/casacumbia.com\/en\/wp-json\/wp\/v2\/product\/49950\/revisions"}],"predecessor-version":[{"id":54330,"href":"https:\/\/casacumbia.com\/en\/wp-json\/wp\/v2\/product\/49950\/revisions\/54330"}],"wp:featuredmedia":[{"embeddable":true,"href":"https:\/\/casacumbia.com\/en\/wp-json\/wp\/v2\/media\/30541"}],"wp:attachment":[{"href":"https:\/\/casacumbia.com\/en\/wp-json\/wp\/v2\/media?parent=49950"}],"wp:term":[{"taxonomy":"product_brand","embeddable":true,"href":"https:\/\/casacumbia.com\/en\/wp-json\/wp\/v2\/product_brand?post=49950"},{"taxonomy":"product_cat","embeddable":true,"href":"https:\/\/casacumbia.com\/en\/wp-json\/wp\/v2\/product_cat?post=49950"},{"taxonomy":"product_tag","embeddable":true,"href":"https:\/\/casacumbia.com\/en\/wp-json\/wp\/v2\/product_tag?post=49950"}],"curies":[{"name":"wp","href":"https:\/\/api.w.org\/{rel}","templated":true}]}}