{"id":49946,"date":"2025-07-20T18:17:12","date_gmt":"2025-07-20T16:17:12","guid":{"rendered":"https:\/\/casacumbia.com\/product\/pichet-raye-beige-winery\/"},"modified":"2025-09-21T15:13:18","modified_gmt":"2025-09-21T13:13:18","slug":"pichet-raye-beige-winery","status":"publish","type":"product","link":"https:\/\/casacumbia.com\/en\/produit\/pichet-raye-beige-winery\/","title":{"rendered":"Carafe Rayures Beige WINERY"},"content":{"rendered":"<p>Carafe Rayures Beige WINERY. Une pi\u00e8ce essentielle de casacumbia, parfaite pour apporter une touche de style et de confort \u00e0 votre espace avec originalit\u00e9 et charme. <\/p>\n","protected":false},"excerpt":{"rendered":"<p>Carafe Rayures Beige WINERY. Une pi\u00e8ce essentielle de casacumbia, parfaite pour apporter une touche de style et de confort \u00e0<\/p>\n","protected":false},"featured_media":30548,"comment_status":"closed","ping_status":"closed","template":"","meta":[],"product_brand":[],"product_cat":[274],"product_tag":[186,187,188,190,166,195,191,192,193,194,196,198,199],"class_list":{"0":"post-49946","1":"product","2":"type-product","3":"status-publish","4":"has-post-thumbnail","6":"product_cat-pichet","7":"product_tag-boutique_es_en","8":"product_tag-store_es_es-fr","9":"product_tag-store_es_fr-fr","10":"product_tag-boutique_es_pt","11":"product_tag-produits-en-ligne","12":"product_tag-store_default-fr","13":"product_tag-boutique_fr_en","14":"product_tag-boutique_fr_es","15":"product_tag-boutique_fr_fr","16":"product_tag-boutique_fr_pt","17":"product_tag-store_pt_en-fr","18":"product_tag-store_pt_es-fr","19":"product_tag-store_pt_fr-fr","21":"first","22":"instock","23":"shipping-taxable","24":"purchasable","25":"product-type-simple"},"_links":{"self":[{"href":"https:\/\/casacumbia.com\/en\/wp-json\/wp\/v2\/product\/49946","targetHints":{"allow":["GET"]}}],"collection":[{"href":"https:\/\/casacumbia.com\/en\/wp-json\/wp\/v2\/product"}],"about":[{"href":"https:\/\/casacumbia.com\/en\/wp-json\/wp\/v2\/types\/product"}],"replies":[{"embeddable":true,"href":"https:\/\/casacumbia.com\/en\/wp-json\/wp\/v2\/comments?post=49946"}],"version-history":[{"count":2,"href":"https:\/\/casacumbia.com\/en\/wp-json\/wp\/v2\/product\/49946\/revisions"}],"predecessor-version":[{"id":54021,"href":"https:\/\/casacumbia.com\/en\/wp-json\/wp\/v2\/product\/49946\/revisions\/54021"}],"wp:featuredmedia":[{"embeddable":true,"href":"https:\/\/casacumbia.com\/en\/wp-json\/wp\/v2\/media\/30548"}],"wp:attachment":[{"href":"https:\/\/casacumbia.com\/en\/wp-json\/wp\/v2\/media?parent=49946"}],"wp:term":[{"taxonomy":"product_brand","embeddable":true,"href":"https:\/\/casacumbia.com\/en\/wp-json\/wp\/v2\/product_brand?post=49946"},{"taxonomy":"product_cat","embeddable":true,"href":"https:\/\/casacumbia.com\/en\/wp-json\/wp\/v2\/product_cat?post=49946"},{"taxonomy":"product_tag","embeddable":true,"href":"https:\/\/casacumbia.com\/en\/wp-json\/wp\/v2\/product_tag?post=49946"}],"curies":[{"name":"wp","href":"https:\/\/api.w.org\/{rel}","templated":true}]}}