{"id":49943,"date":"2025-07-20T18:17:12","date_gmt":"2025-07-20T16:17:12","guid":{"rendered":"https:\/\/casacumbia.com\/product\/porte-savon-de-bain-en-verre-recycle-gris-soul\/"},"modified":"2025-09-21T15:13:18","modified_gmt":"2025-09-21T13:13:18","slug":"porte-savon-de-bain-en-verre-recycle-gris-soul","status":"publish","type":"product","link":"https:\/\/casacumbia.com\/en\/produit\/porte-savon-de-bain-en-verre-recycle-gris-soul\/","title":{"rendered":"Porte-savon de Bain en Verre Recycl\u00e9 Gris SOUL"},"content":{"rendered":"<p>Porte-savon de Bain en Verre Recycl\u00e9 Gris SOUL. Une pi\u00e8ce essentielle de casacumbia, parfaite pour apporter une touche de style et de confort \u00e0 votre espace avec originalit\u00e9 et charme. <\/p>\n","protected":false},"excerpt":{"rendered":"<p>Porte-savon de Bain en Verre Recycl\u00e9 Gris SOUL. Une pi\u00e8ce essentielle de casacumbia, parfaite pour apporter une touche de style<\/p>\n","protected":false},"featured_media":30560,"comment_status":"closed","ping_status":"closed","template":"","meta":[],"product_brand":[],"product_cat":[292,204,197],"product_tag":[186,187,188,190,166,195,191,192,193,194,196,198,199],"class_list":{"0":"post-49943","1":"product","2":"type-product","3":"status-publish","4":"has-post-thumbnail","6":"product_cat-accessoires-de-bain","7":"product_cat-promotions-2","8":"product_cat-bath-2","9":"product_tag-boutique_es_en","10":"product_tag-store_es_es-fr","11":"product_tag-store_es_fr-fr","12":"product_tag-boutique_es_pt","13":"product_tag-produits-en-ligne","14":"product_tag-store_default-fr","15":"product_tag-boutique_fr_en","16":"product_tag-boutique_fr_es","17":"product_tag-boutique_fr_fr","18":"product_tag-boutique_fr_pt","19":"product_tag-store_pt_en-fr","20":"product_tag-store_pt_es-fr","21":"product_tag-store_pt_fr-fr","23":"first","24":"instock","25":"sale","26":"shipping-taxable","27":"purchasable","28":"product-type-simple"},"_links":{"self":[{"href":"https:\/\/casacumbia.com\/en\/wp-json\/wp\/v2\/product\/49943","targetHints":{"allow":["GET"]}}],"collection":[{"href":"https:\/\/casacumbia.com\/en\/wp-json\/wp\/v2\/product"}],"about":[{"href":"https:\/\/casacumbia.com\/en\/wp-json\/wp\/v2\/types\/product"}],"replies":[{"embeddable":true,"href":"https:\/\/casacumbia.com\/en\/wp-json\/wp\/v2\/comments?post=49943"}],"version-history":[{"count":2,"href":"https:\/\/casacumbia.com\/en\/wp-json\/wp\/v2\/product\/49943\/revisions"}],"predecessor-version":[{"id":54019,"href":"https:\/\/casacumbia.com\/en\/wp-json\/wp\/v2\/product\/49943\/revisions\/54019"}],"wp:featuredmedia":[{"embeddable":true,"href":"https:\/\/casacumbia.com\/en\/wp-json\/wp\/v2\/media\/30560"}],"wp:attachment":[{"href":"https:\/\/casacumbia.com\/en\/wp-json\/wp\/v2\/media?parent=49943"}],"wp:term":[{"taxonomy":"product_brand","embeddable":true,"href":"https:\/\/casacumbia.com\/en\/wp-json\/wp\/v2\/product_brand?post=49943"},{"taxonomy":"product_cat","embeddable":true,"href":"https:\/\/casacumbia.com\/en\/wp-json\/wp\/v2\/product_cat?post=49943"},{"taxonomy":"product_tag","embeddable":true,"href":"https:\/\/casacumbia.com\/en\/wp-json\/wp\/v2\/product_tag?post=49943"}],"curies":[{"name":"wp","href":"https:\/\/api.w.org\/{rel}","templated":true}]}}