{"id":49939,"date":"2025-07-20T18:17:12","date_gmt":"2025-07-20T16:17:12","guid":{"rendered":"https:\/\/casacumbia.com\/product\/verre-haut-raye-harbor\/"},"modified":"2025-09-21T15:13:17","modified_gmt":"2025-09-21T13:13:17","slug":"verre-haut-raye-harbor","status":"publish","type":"product","link":"https:\/\/casacumbia.com\/en\/produit\/verre-haut-raye-harbor\/","title":{"rendered":"Verre Haut Rayures HARBOR"},"content":{"rendered":"<p>Inspir\u00e9e par l&#8217;authenticit\u00e9 des environnements c\u00f4tiers, HARBOR pr\u00e9sente des verres en verre recycl\u00e9 \u00e0 texture \u00e9paisse et rayures verticales marqu\u00e9es, qui \u00e9voquent la simplicit\u00e9 avec caract\u00e8re. Dans des couleurs fortes et vibrantes, cette collection allie design fonctionnel \u00e0 une esth\u00e9tique simple, parfaite pour le quotidien ou les moments d\u00e9contract\u00e9s \u00e0 table. <\/p>\n","protected":false},"excerpt":{"rendered":"<p>Inspir\u00e9e par l&#8217;authenticit\u00e9 des environnements c\u00f4tiers, HARBOR pr\u00e9sente des verres en verre recycl\u00e9 \u00e0 texture \u00e9paisse et rayures verticales marqu\u00e9es,<\/p>\n","protected":false},"featured_media":30554,"comment_status":"closed","ping_status":"closed","template":"","meta":[],"product_brand":[],"product_cat":[174,204,255],"product_tag":[186,187,188,190,166,195,191,192,193,194,196,198,199],"class_list":{"0":"post-49939","1":"product","2":"type-product","3":"status-publish","4":"has-post-thumbnail","6":"product_cat-kitchen-2","7":"product_cat-promotions-2","8":"product_cat-verres","9":"product_tag-boutique_es_en","10":"product_tag-store_es_es-fr","11":"product_tag-store_es_fr-fr","12":"product_tag-boutique_es_pt","13":"product_tag-produits-en-ligne","14":"product_tag-store_default-fr","15":"product_tag-boutique_fr_en","16":"product_tag-boutique_fr_es","17":"product_tag-boutique_fr_fr","18":"product_tag-boutique_fr_pt","19":"product_tag-store_pt_en-fr","20":"product_tag-store_pt_es-fr","21":"product_tag-store_pt_fr-fr","23":"first","24":"instock","25":"sale","26":"shipping-taxable","27":"purchasable","28":"product-type-simple"},"_links":{"self":[{"href":"https:\/\/casacumbia.com\/en\/wp-json\/wp\/v2\/product\/49939","targetHints":{"allow":["GET"]}}],"collection":[{"href":"https:\/\/casacumbia.com\/en\/wp-json\/wp\/v2\/product"}],"about":[{"href":"https:\/\/casacumbia.com\/en\/wp-json\/wp\/v2\/types\/product"}],"replies":[{"embeddable":true,"href":"https:\/\/casacumbia.com\/en\/wp-json\/wp\/v2\/comments?post=49939"}],"version-history":[{"count":1,"href":"https:\/\/casacumbia.com\/en\/wp-json\/wp\/v2\/product\/49939\/revisions"}],"predecessor-version":[{"id":52914,"href":"https:\/\/casacumbia.com\/en\/wp-json\/wp\/v2\/product\/49939\/revisions\/52914"}],"wp:featuredmedia":[{"embeddable":true,"href":"https:\/\/casacumbia.com\/en\/wp-json\/wp\/v2\/media\/30554"}],"wp:attachment":[{"href":"https:\/\/casacumbia.com\/en\/wp-json\/wp\/v2\/media?parent=49939"}],"wp:term":[{"taxonomy":"product_brand","embeddable":true,"href":"https:\/\/casacumbia.com\/en\/wp-json\/wp\/v2\/product_brand?post=49939"},{"taxonomy":"product_cat","embeddable":true,"href":"https:\/\/casacumbia.com\/en\/wp-json\/wp\/v2\/product_cat?post=49939"},{"taxonomy":"product_tag","embeddable":true,"href":"https:\/\/casacumbia.com\/en\/wp-json\/wp\/v2\/product_tag?post=49939"}],"curies":[{"name":"wp","href":"https:\/\/api.w.org\/{rel}","templated":true}]}}