{"id":49938,"date":"2025-07-20T18:17:13","date_gmt":"2025-07-20T16:17:13","guid":{"rendered":"https:\/\/casacumbia.com\/product\/vase-rosa-30cm-spring\/"},"modified":"2025-09-21T15:13:17","modified_gmt":"2025-09-21T13:13:17","slug":"vase-rosa-30cm-spring","status":"publish","type":"product","link":"https:\/\/casacumbia.com\/en\/produit\/vase-rosa-30cm-spring\/","title":{"rendered":"Carafe Rose 30cm SPRING"},"content":{"rendered":"<p>La collection Spring apporte l&#8217;esprit du printemps \u00e0 la d\u00e9coration, avec des vases et des cadres aux couleurs vibrantes et pleines d&#8217;\u00e9nergie. Chaque pi\u00e8ce a \u00e9t\u00e9 con\u00e7ue pour \u00e9gayer et revitaliser les espaces, alliant des formes simples \u00e0 des finitions modernes et une palette de couleurs vive et captivante. <\/p>\n<p>Parfaite pour apporter une touche l\u00e9g\u00e8re, cr\u00e9ative et contemporaine \u00e0 la maison, Spring est une c\u00e9l\u00e9bration de la couleur, de la fra\u00eecheur et de la saison du renouveau.<\/p>\n","protected":false},"excerpt":{"rendered":"<p>La collection Spring apporte l&#8217;esprit du printemps \u00e0 la d\u00e9coration, avec des vases et des cadres aux couleurs vibrantes et<\/p>\n","protected":false},"featured_media":30579,"comment_status":"closed","ping_status":"closed","template":"","meta":[],"product_brand":[],"product_cat":[171,204,274],"product_tag":[186,187,188,190,203,166,195,191,192,193,194,196,198,199],"class_list":{"0":"post-49938","1":"product","2":"type-product","3":"status-publish","4":"has-post-thumbnail","6":"product_cat-table-2","7":"product_cat-promotions-2","8":"product_cat-pichet","9":"product_tag-boutique_es_en","10":"product_tag-store_es_es-fr","11":"product_tag-store_es_fr-fr","12":"product_tag-boutique_es_pt","13":"product_tag-magento-fr","14":"product_tag-produits-en-ligne","15":"product_tag-store_default-fr","16":"product_tag-boutique_fr_en","17":"product_tag-boutique_fr_es","18":"product_tag-boutique_fr_fr","19":"product_tag-boutique_fr_pt","20":"product_tag-store_pt_en-fr","21":"product_tag-store_pt_es-fr","22":"product_tag-store_pt_fr-fr","24":"first","25":"instock","26":"sale","27":"shipping-taxable","28":"purchasable","29":"product-type-simple"},"_links":{"self":[{"href":"https:\/\/casacumbia.com\/en\/wp-json\/wp\/v2\/product\/49938","targetHints":{"allow":["GET"]}}],"collection":[{"href":"https:\/\/casacumbia.com\/en\/wp-json\/wp\/v2\/product"}],"about":[{"href":"https:\/\/casacumbia.com\/en\/wp-json\/wp\/v2\/types\/product"}],"replies":[{"embeddable":true,"href":"https:\/\/casacumbia.com\/en\/wp-json\/wp\/v2\/comments?post=49938"}],"version-history":[{"count":1,"href":"https:\/\/casacumbia.com\/en\/wp-json\/wp\/v2\/product\/49938\/revisions"}],"predecessor-version":[{"id":53502,"href":"https:\/\/casacumbia.com\/en\/wp-json\/wp\/v2\/product\/49938\/revisions\/53502"}],"wp:featuredmedia":[{"embeddable":true,"href":"https:\/\/casacumbia.com\/en\/wp-json\/wp\/v2\/media\/30579"}],"wp:attachment":[{"href":"https:\/\/casacumbia.com\/en\/wp-json\/wp\/v2\/media?parent=49938"}],"wp:term":[{"taxonomy":"product_brand","embeddable":true,"href":"https:\/\/casacumbia.com\/en\/wp-json\/wp\/v2\/product_brand?post=49938"},{"taxonomy":"product_cat","embeddable":true,"href":"https:\/\/casacumbia.com\/en\/wp-json\/wp\/v2\/product_cat?post=49938"},{"taxonomy":"product_tag","embeddable":true,"href":"https:\/\/casacumbia.com\/en\/wp-json\/wp\/v2\/product_tag?post=49938"}],"curies":[{"name":"wp","href":"https:\/\/api.w.org\/{rel}","templated":true}]}}