{"id":49926,"date":"2025-07-20T18:16:42","date_gmt":"2025-07-20T16:16:42","guid":{"rendered":"https:\/\/casacumbia.com\/product\/mug-avec-couvercle-en-bambou-cat-in-the-city\/"},"modified":"2025-09-21T15:13:11","modified_gmt":"2025-09-21T13:13:11","slug":"mug-avec-couvercle-en-bambou-cat-in-the-city","status":"publish","type":"product","link":"https:\/\/casacumbia.com\/en\/produit\/mug-avec-couvercle-en-bambou-cat-in-the-city\/","title":{"rendered":"Pot avec couvercle en Bambou CAT IN THE CITY"},"content":{"rendered":"<p>Une collection au design by casacumbia, cr\u00e9\u00e9e en pensant aux amateurs de caf\u00e9, aux amoureux de la ville et des chats. Dans ce d\u00e9cor apparaissent quatre chats de couleurs diff\u00e9rentes, chacun d&#8217;eux refl\u00e8te une personnalit\u00e9 unique. Cette collection combine \u00e9galement une machine \u00e0 caf\u00e9 Nescaf\u00e9\/Dulce Gusto, personnalisable avec des autocollants, avec un ensemble de tasses pour chaque personnalit\u00e9. \u00c0 quelle personnalit\u00e9 vous identifiez-vous ? D\u00e9couvrez-la dans cette incroyable collection.    <\/p>\n","protected":false},"excerpt":{"rendered":"<p>Une collection au design by casacumbia, cr\u00e9\u00e9e en pensant aux amateurs de caf\u00e9, aux amoureux de la ville et des<\/p>\n","protected":false},"featured_media":30283,"comment_status":"closed","ping_status":"closed","template":"","meta":[],"product_brand":[],"product_cat":[285,204],"product_tag":[181,176,166],"class_list":{"0":"post-49926","1":"product","2":"type-product","3":"status-publish","4":"has-post-thumbnail","6":"product_cat-bocaux-pots","7":"product_cat-promotions-2","8":"product_tag-integre-pim","9":"product_tag-petites-dimensions","10":"product_tag-produits-en-ligne","12":"first","13":"instock","14":"sale","15":"shipping-taxable","16":"purchasable","17":"product-type-simple"},"_links":{"self":[{"href":"https:\/\/casacumbia.com\/en\/wp-json\/wp\/v2\/product\/49926","targetHints":{"allow":["GET"]}}],"collection":[{"href":"https:\/\/casacumbia.com\/en\/wp-json\/wp\/v2\/product"}],"about":[{"href":"https:\/\/casacumbia.com\/en\/wp-json\/wp\/v2\/types\/product"}],"replies":[{"embeddable":true,"href":"https:\/\/casacumbia.com\/en\/wp-json\/wp\/v2\/comments?post=49926"}],"version-history":[{"count":2,"href":"https:\/\/casacumbia.com\/en\/wp-json\/wp\/v2\/product\/49926\/revisions"}],"predecessor-version":[{"id":54015,"href":"https:\/\/casacumbia.com\/en\/wp-json\/wp\/v2\/product\/49926\/revisions\/54015"}],"wp:featuredmedia":[{"embeddable":true,"href":"https:\/\/casacumbia.com\/en\/wp-json\/wp\/v2\/media\/30283"}],"wp:attachment":[{"href":"https:\/\/casacumbia.com\/en\/wp-json\/wp\/v2\/media?parent=49926"}],"wp:term":[{"taxonomy":"product_brand","embeddable":true,"href":"https:\/\/casacumbia.com\/en\/wp-json\/wp\/v2\/product_brand?post=49926"},{"taxonomy":"product_cat","embeddable":true,"href":"https:\/\/casacumbia.com\/en\/wp-json\/wp\/v2\/product_cat?post=49926"},{"taxonomy":"product_tag","embeddable":true,"href":"https:\/\/casacumbia.com\/en\/wp-json\/wp\/v2\/product_tag?post=49926"}],"curies":[{"name":"wp","href":"https:\/\/api.w.org\/{rel}","templated":true}]}}