{"id":49910,"date":"2025-07-20T18:16:52","date_gmt":"2025-07-20T16:16:52","guid":{"rendered":"https:\/\/casacumbia.com\/product\/ensemble-de-4-ronds-de-serviette-marrons-nature\/"},"modified":"2025-09-21T15:13:07","modified_gmt":"2025-09-21T13:13:07","slug":"ensemble-de-4-ronds-de-serviette-marrons-nature","status":"publish","type":"product","link":"https:\/\/casacumbia.com\/en\/produit\/ensemble-de-4-ronds-de-serviette-marrons-nature\/","title":{"rendered":"Ensemble de 4 ronds de serviette marron NATURE"},"content":{"rendered":"<p>La collection Nature est un ensemble de ronds de serviette avec des repr\u00e9sentations d&#8217;animaux o\u00f9 chaque pi\u00e8ce \u00e9voque la beaut\u00e9 naturelle et la s\u00e9r\u00e9nit\u00e9 de l&#8217;environnement sauvage. Qu&#8217;il s&#8217;agisse de l&#8217;\u00e9cureuil agile, du h\u00e9risson curieusement enroul\u00e9, du renard rus\u00e9 ou du chien fid\u00e8le, chaque rond de serviette ajoute une touche de charme rustique et de sophistication. Ce concept unit le th\u00e8me naturel et \u00e9l\u00e9gant de la collection avec la d\u00e9coration de table, tout en soulignant la pr\u00e9sence des animaux.  <\/p>\n","protected":false},"excerpt":{"rendered":"<p>La collection Nature est un ensemble de ronds de serviette avec des repr\u00e9sentations d&#8217;animaux o\u00f9 chaque pi\u00e8ce \u00e9voque la beaut\u00e9<\/p>\n","protected":false},"featured_media":30342,"comment_status":"closed","ping_status":"closed","template":"","meta":[],"product_brand":[],"product_cat":[259],"product_tag":[181,176,166],"class_list":{"0":"post-49910","1":"product","2":"type-product","3":"status-publish","4":"has-post-thumbnail","6":"product_cat-lingetable","7":"product_tag-integre-pim","8":"product_tag-petites-dimensions","9":"product_tag-produits-en-ligne","11":"first","12":"instock","13":"shipping-taxable","14":"purchasable","15":"product-type-simple"},"_links":{"self":[{"href":"https:\/\/casacumbia.com\/en\/wp-json\/wp\/v2\/product\/49910","targetHints":{"allow":["GET"]}}],"collection":[{"href":"https:\/\/casacumbia.com\/en\/wp-json\/wp\/v2\/product"}],"about":[{"href":"https:\/\/casacumbia.com\/en\/wp-json\/wp\/v2\/types\/product"}],"replies":[{"embeddable":true,"href":"https:\/\/casacumbia.com\/en\/wp-json\/wp\/v2\/comments?post=49910"}],"version-history":[{"count":1,"href":"https:\/\/casacumbia.com\/en\/wp-json\/wp\/v2\/product\/49910\/revisions"}],"predecessor-version":[{"id":53661,"href":"https:\/\/casacumbia.com\/en\/wp-json\/wp\/v2\/product\/49910\/revisions\/53661"}],"wp:featuredmedia":[{"embeddable":true,"href":"https:\/\/casacumbia.com\/en\/wp-json\/wp\/v2\/media\/30342"}],"wp:attachment":[{"href":"https:\/\/casacumbia.com\/en\/wp-json\/wp\/v2\/media?parent=49910"}],"wp:term":[{"taxonomy":"product_brand","embeddable":true,"href":"https:\/\/casacumbia.com\/en\/wp-json\/wp\/v2\/product_brand?post=49910"},{"taxonomy":"product_cat","embeddable":true,"href":"https:\/\/casacumbia.com\/en\/wp-json\/wp\/v2\/product_cat?post=49910"},{"taxonomy":"product_tag","embeddable":true,"href":"https:\/\/casacumbia.com\/en\/wp-json\/wp\/v2\/product_tag?post=49910"}],"curies":[{"name":"wp","href":"https:\/\/api.w.org\/{rel}","templated":true}]}}