{"id":49906,"date":"2025-07-20T18:16:52","date_gmt":"2025-07-20T16:16:52","guid":{"rendered":"https:\/\/casacumbia.com\/product\/petit-champignon-decoratif-champinhon\/"},"modified":"2025-09-21T15:13:06","modified_gmt":"2025-09-21T13:13:06","slug":"petit-champignon-decoratif-champinhon","status":"publish","type":"product","link":"https:\/\/casacumbia.com\/en\/produit\/petit-champignon-decoratif-champinhon\/","title":{"rendered":"Champignon D\u00e9coratif Petit CHAMPIGNON"},"content":{"rendered":"<p>Champignon D\u00e9coratif Petit CHAMPIGNON. Une pi\u00e8ce essentielle de casacumbia, parfaite pour apporter une touche de style et de confort \u00e0 votre espace avec originalit\u00e9 et charme. <\/p>\n","protected":false},"excerpt":{"rendered":"<p>Champignon D\u00e9coratif Petit CHAMPIGNON. Une pi\u00e8ce essentielle de casacumbia, parfaite pour apporter une touche de style et de confort \u00e0<\/p>\n","protected":false},"featured_media":30333,"comment_status":"closed","ping_status":"closed","template":"","meta":[],"product_brand":[],"product_cat":[206,260,204,134],"product_tag":[181,176,166],"class_list":{"0":"post-49906","1":"product","2":"type-product","3":"status-publish","4":"has-post-thumbnail","6":"product_cat-decoration-2","7":"product_cat-objetdecoratifs","8":"product_cat-promotions-2","9":"product_cat-promotions","10":"product_tag-integre-pim","11":"product_tag-petites-dimensions","12":"product_tag-produits-en-ligne","14":"first","15":"instock","16":"sale","17":"shipping-taxable","18":"purchasable","19":"product-type-simple"},"_links":{"self":[{"href":"https:\/\/casacumbia.com\/en\/wp-json\/wp\/v2\/product\/49906","targetHints":{"allow":["GET"]}}],"collection":[{"href":"https:\/\/casacumbia.com\/en\/wp-json\/wp\/v2\/product"}],"about":[{"href":"https:\/\/casacumbia.com\/en\/wp-json\/wp\/v2\/types\/product"}],"replies":[{"embeddable":true,"href":"https:\/\/casacumbia.com\/en\/wp-json\/wp\/v2\/comments?post=49906"}],"version-history":[{"count":3,"href":"https:\/\/casacumbia.com\/en\/wp-json\/wp\/v2\/product\/49906\/revisions"}],"predecessor-version":[{"id":54441,"href":"https:\/\/casacumbia.com\/en\/wp-json\/wp\/v2\/product\/49906\/revisions\/54441"}],"wp:featuredmedia":[{"embeddable":true,"href":"https:\/\/casacumbia.com\/en\/wp-json\/wp\/v2\/media\/30333"}],"wp:attachment":[{"href":"https:\/\/casacumbia.com\/en\/wp-json\/wp\/v2\/media?parent=49906"}],"wp:term":[{"taxonomy":"product_brand","embeddable":true,"href":"https:\/\/casacumbia.com\/en\/wp-json\/wp\/v2\/product_brand?post=49906"},{"taxonomy":"product_cat","embeddable":true,"href":"https:\/\/casacumbia.com\/en\/wp-json\/wp\/v2\/product_cat?post=49906"},{"taxonomy":"product_tag","embeddable":true,"href":"https:\/\/casacumbia.com\/en\/wp-json\/wp\/v2\/product_tag?post=49906"}],"curies":[{"name":"wp","href":"https:\/\/api.w.org\/{rel}","templated":true}]}}