{"id":49901,"date":"2025-07-20T18:16:53","date_gmt":"2025-07-20T16:16:53","guid":{"rendered":"https:\/\/casacumbia.com\/product\/assiette-a-dessert-chatons-peace-2\/"},"modified":"2025-09-21T15:13:04","modified_gmt":"2025-09-21T13:13:04","slug":"assiette-a-dessert-chatons-peace-2","status":"publish","type":"product","link":"https:\/\/casacumbia.com\/en\/produit\/assiette-a-dessert-chatons-peace-2\/","title":{"rendered":"Assiette \u00e0 dessert Chatons PEACE"},"content":{"rendered":"<p>La collection Peace  Love 2nd Generation est de retour ! La gagnante du vote \u00ab quel service aimeriez-vous voir revenir \u00bb vient c\u00e9l\u00e9brer le 37e anniversaire du casacumbia.<br \/>Qui se souvient de la famille des chats, depuis la grand-m\u00e8re Maria, jusqu&#8217;aux petits-enfants Luna, Pepa, Jordi, Oscar, Eva Maria, Rodolfo, Mia et Mozart ? De nombreux clients s&#8217;en souviennent encore et vont adorer les retrouver.<br \/>Rien n&#8217;a \u00e9t\u00e9 modifi\u00e9, les formes, dessins et couleurs sont les originaux, ce qui permettra de compl\u00e9ter la collection \u00e0 ceux qui ont achet\u00e9 il y a des ann\u00e9es.<br \/>Un service plein de couleur qui va remplir votre table de vie !  <\/p>\n","protected":false},"excerpt":{"rendered":"<p>La collection Peace Love 2nd Generation est de retour ! La gagnante du vote \u00ab quel service aimeriez-vous voir revenir<\/p>\n","protected":false},"featured_media":30376,"comment_status":"closed","ping_status":"closed","template":"","meta":[],"product_brand":[],"product_cat":[283],"product_tag":[181,176,166],"class_list":{"0":"post-49901","1":"product","2":"type-product","3":"status-publish","4":"has-post-thumbnail","6":"product_cat-assiettes","7":"product_tag-integre-pim","8":"product_tag-petites-dimensions","9":"product_tag-produits-en-ligne","11":"first","12":"instock","13":"shipping-taxable","14":"purchasable","15":"product-type-simple"},"_links":{"self":[{"href":"https:\/\/casacumbia.com\/en\/wp-json\/wp\/v2\/product\/49901","targetHints":{"allow":["GET"]}}],"collection":[{"href":"https:\/\/casacumbia.com\/en\/wp-json\/wp\/v2\/product"}],"about":[{"href":"https:\/\/casacumbia.com\/en\/wp-json\/wp\/v2\/types\/product"}],"replies":[{"embeddable":true,"href":"https:\/\/casacumbia.com\/en\/wp-json\/wp\/v2\/comments?post=49901"}],"version-history":[{"count":2,"href":"https:\/\/casacumbia.com\/en\/wp-json\/wp\/v2\/product\/49901\/revisions"}],"predecessor-version":[{"id":54009,"href":"https:\/\/casacumbia.com\/en\/wp-json\/wp\/v2\/product\/49901\/revisions\/54009"}],"wp:featuredmedia":[{"embeddable":true,"href":"https:\/\/casacumbia.com\/en\/wp-json\/wp\/v2\/media\/30376"}],"wp:attachment":[{"href":"https:\/\/casacumbia.com\/en\/wp-json\/wp\/v2\/media?parent=49901"}],"wp:term":[{"taxonomy":"product_brand","embeddable":true,"href":"https:\/\/casacumbia.com\/en\/wp-json\/wp\/v2\/product_brand?post=49901"},{"taxonomy":"product_cat","embeddable":true,"href":"https:\/\/casacumbia.com\/en\/wp-json\/wp\/v2\/product_cat?post=49901"},{"taxonomy":"product_tag","embeddable":true,"href":"https:\/\/casacumbia.com\/en\/wp-json\/wp\/v2\/product_tag?post=49901"}],"curies":[{"name":"wp","href":"https:\/\/api.w.org\/{rel}","templated":true}]}}