{"id":49895,"date":"2025-07-20T18:16:53","date_gmt":"2025-07-20T16:16:53","guid":{"rendered":"https:\/\/casacumbia.com\/product\/assiette-a-dessert-hibou-bleu-cat-friends\/"},"modified":"2025-09-21T15:13:03","modified_gmt":"2025-09-21T13:13:03","slug":"assiette-a-dessert-hibou-bleu-cat-friends","status":"publish","type":"product","link":"https:\/\/casacumbia.com\/en\/produit\/assiette-a-dessert-hibou-bleu-cat-friends\/","title":{"rendered":"Assiette \u00e0 dessert Hibou Bleu CAT  FRIENDS"},"content":{"rendered":"<p>La collection CAT  FRIENDS invite les enfants \u00e0 une aventure passionnante en compagnie de personnages charmants. Ce service Kids en gr\u00e8s de haute qualit\u00e9, avec Design by casacumbia, est compos\u00e9 de 6 pi\u00e8ces, 3 tasses et 3 assiettes, pour apporter la magie de la for\u00eat et l&#8217;amiti\u00e9 des personnages directement \u00e0 la table des plus petits. Avec CAT  FRIENDS, chaque repas est un voyage passionnant et m\u00e9morable.  <\/p>\n","protected":false},"excerpt":{"rendered":"<p>La collection CAT FRIENDS invite les enfants \u00e0 une aventure passionnante en compagnie de personnages charmants. Ce service Kids en<\/p>\n","protected":false},"featured_media":30391,"comment_status":"closed","ping_status":"closed","template":"","meta":[],"product_brand":[],"product_cat":[171,283,174,204],"product_tag":[181,176,166],"class_list":{"0":"post-49895","1":"product","2":"type-product","3":"status-publish","4":"has-post-thumbnail","6":"product_cat-table-2","7":"product_cat-assiettes","8":"product_cat-kitchen-2","9":"product_cat-promotions-2","10":"product_tag-integre-pim","11":"product_tag-petites-dimensions","12":"product_tag-produits-en-ligne","14":"first","15":"instock","16":"sale","17":"shipping-taxable","18":"purchasable","19":"product-type-simple"},"_links":{"self":[{"href":"https:\/\/casacumbia.com\/en\/wp-json\/wp\/v2\/product\/49895","targetHints":{"allow":["GET"]}}],"collection":[{"href":"https:\/\/casacumbia.com\/en\/wp-json\/wp\/v2\/product"}],"about":[{"href":"https:\/\/casacumbia.com\/en\/wp-json\/wp\/v2\/types\/product"}],"replies":[{"embeddable":true,"href":"https:\/\/casacumbia.com\/en\/wp-json\/wp\/v2\/comments?post=49895"}],"version-history":[{"count":2,"href":"https:\/\/casacumbia.com\/en\/wp-json\/wp\/v2\/product\/49895\/revisions"}],"predecessor-version":[{"id":54007,"href":"https:\/\/casacumbia.com\/en\/wp-json\/wp\/v2\/product\/49895\/revisions\/54007"}],"wp:featuredmedia":[{"embeddable":true,"href":"https:\/\/casacumbia.com\/en\/wp-json\/wp\/v2\/media\/30391"}],"wp:attachment":[{"href":"https:\/\/casacumbia.com\/en\/wp-json\/wp\/v2\/media?parent=49895"}],"wp:term":[{"taxonomy":"product_brand","embeddable":true,"href":"https:\/\/casacumbia.com\/en\/wp-json\/wp\/v2\/product_brand?post=49895"},{"taxonomy":"product_cat","embeddable":true,"href":"https:\/\/casacumbia.com\/en\/wp-json\/wp\/v2\/product_cat?post=49895"},{"taxonomy":"product_tag","embeddable":true,"href":"https:\/\/casacumbia.com\/en\/wp-json\/wp\/v2\/product_tag?post=49895"}],"curies":[{"name":"wp","href":"https:\/\/api.w.org\/{rel}","templated":true}]}}