{"id":49892,"date":"2025-07-20T18:16:53","date_gmt":"2025-07-20T16:16:53","guid":{"rendered":"https:\/\/casacumbia.com\/product\/housse-de-coussin-feuilles-noires-alba\/"},"modified":"2025-09-21T15:13:02","modified_gmt":"2025-09-21T13:13:02","slug":"housse-de-coussin-feuilles-noires-alba","status":"publish","type":"product","link":"https:\/\/casacumbia.com\/en\/produit\/housse-de-coussin-feuilles-noires-alba\/","title":{"rendered":"Housse de Coussin Feuilles Noir ALBA"},"content":{"rendered":"<p>La collection ALBA c\u00e9l\u00e8bre la l\u00e9g\u00e8ret\u00e9, le confort et l&#8217;authenticit\u00e9. Produite au Portugal, elle valorise les mati\u00e8res premi\u00e8res nationales en apportant aux espaces de vie des couleurs neutres et des textures. <\/p>\n","protected":false},"excerpt":{"rendered":"<p>La collection ALBA c\u00e9l\u00e8bre la l\u00e9g\u00e8ret\u00e9, le confort et l&#8217;authenticit\u00e9. Produite au Portugal, elle valorise les mati\u00e8res premi\u00e8res nationales en<\/p>\n","protected":false},"featured_media":30417,"comment_status":"closed","ping_status":"closed","template":"","meta":[],"product_brand":[],"product_cat":[238,182,204],"product_tag":[181,176,166],"class_list":{"0":"post-49892","1":"product","2":"type-product","3":"status-publish","4":"has-post-thumbnail","6":"product_cat-coussins","7":"product_cat-textiles-2","8":"product_cat-promotions-2","9":"product_tag-integre-pim","10":"product_tag-petites-dimensions","11":"product_tag-produits-en-ligne","13":"first","14":"instock","15":"sale","16":"shipping-taxable","17":"purchasable","18":"product-type-simple"},"_links":{"self":[{"href":"https:\/\/casacumbia.com\/en\/wp-json\/wp\/v2\/product\/49892","targetHints":{"allow":["GET"]}}],"collection":[{"href":"https:\/\/casacumbia.com\/en\/wp-json\/wp\/v2\/product"}],"about":[{"href":"https:\/\/casacumbia.com\/en\/wp-json\/wp\/v2\/types\/product"}],"replies":[{"embeddable":true,"href":"https:\/\/casacumbia.com\/en\/wp-json\/wp\/v2\/comments?post=49892"}],"version-history":[{"count":1,"href":"https:\/\/casacumbia.com\/en\/wp-json\/wp\/v2\/product\/49892\/revisions"}],"predecessor-version":[{"id":53040,"href":"https:\/\/casacumbia.com\/en\/wp-json\/wp\/v2\/product\/49892\/revisions\/53040"}],"wp:featuredmedia":[{"embeddable":true,"href":"https:\/\/casacumbia.com\/en\/wp-json\/wp\/v2\/media\/30417"}],"wp:attachment":[{"href":"https:\/\/casacumbia.com\/en\/wp-json\/wp\/v2\/media?parent=49892"}],"wp:term":[{"taxonomy":"product_brand","embeddable":true,"href":"https:\/\/casacumbia.com\/en\/wp-json\/wp\/v2\/product_brand?post=49892"},{"taxonomy":"product_cat","embeddable":true,"href":"https:\/\/casacumbia.com\/en\/wp-json\/wp\/v2\/product_cat?post=49892"},{"taxonomy":"product_tag","embeddable":true,"href":"https:\/\/casacumbia.com\/en\/wp-json\/wp\/v2\/product_tag?post=49892"}],"curies":[{"name":"wp","href":"https:\/\/api.w.org\/{rel}","templated":true}]}}