{"id":49887,"date":"2025-07-20T18:17:03","date_gmt":"2025-07-20T16:17:03","guid":{"rendered":"https:\/\/casacumbia.com\/product\/sortie-de-bain-en-coton-blanc-piquet\/"},"modified":"2025-09-21T15:13:01","modified_gmt":"2025-09-21T13:13:01","slug":"sortie-de-bain-en-coton-blanc-piquet","status":"publish","type":"product","link":"https:\/\/casacumbia.com\/en\/produit\/sortie-de-bain-en-coton-blanc-piquet\/","title":{"rendered":"Tapis de Bain Coton Blanc PIQUET"},"content":{"rendered":"<p>Les serviettes de bain casacumbia sont Made in Portugal.<br \/>Produit 100 % portugais synonyme de qualit\u00e9 dans la mati\u00e8re premi\u00e8re et les finitions.<br \/>Bouclette 480 g, 100 % coton et Jacquard lamin\u00e9<\/p>\n","protected":false},"excerpt":{"rendered":"<p>Les serviettes de bain casacumbia sont Made in Portugal.Produit 100 % portugais synonyme de qualit\u00e9 dans la mati\u00e8re premi\u00e8re et<\/p>\n","protected":false},"featured_media":30443,"comment_status":"closed","ping_status":"closed","template":"","meta":[],"product_brand":[],"product_cat":[304],"product_tag":[181,176,166],"class_list":{"0":"post-49887","1":"product","2":"type-product","3":"status-publish","4":"has-post-thumbnail","6":"product_cat-tapis","7":"product_tag-integre-pim","8":"product_tag-petites-dimensions","9":"product_tag-produits-en-ligne","11":"first","12":"instock","13":"shipping-taxable","14":"purchasable","15":"product-type-simple"},"_links":{"self":[{"href":"https:\/\/casacumbia.com\/en\/wp-json\/wp\/v2\/product\/49887","targetHints":{"allow":["GET"]}}],"collection":[{"href":"https:\/\/casacumbia.com\/en\/wp-json\/wp\/v2\/product"}],"about":[{"href":"https:\/\/casacumbia.com\/en\/wp-json\/wp\/v2\/types\/product"}],"replies":[{"embeddable":true,"href":"https:\/\/casacumbia.com\/en\/wp-json\/wp\/v2\/comments?post=49887"}],"version-history":[{"count":3,"href":"https:\/\/casacumbia.com\/en\/wp-json\/wp\/v2\/product\/49887\/revisions"}],"predecessor-version":[{"id":54440,"href":"https:\/\/casacumbia.com\/en\/wp-json\/wp\/v2\/product\/49887\/revisions\/54440"}],"wp:featuredmedia":[{"embeddable":true,"href":"https:\/\/casacumbia.com\/en\/wp-json\/wp\/v2\/media\/30443"}],"wp:attachment":[{"href":"https:\/\/casacumbia.com\/en\/wp-json\/wp\/v2\/media?parent=49887"}],"wp:term":[{"taxonomy":"product_brand","embeddable":true,"href":"https:\/\/casacumbia.com\/en\/wp-json\/wp\/v2\/product_brand?post=49887"},{"taxonomy":"product_cat","embeddable":true,"href":"https:\/\/casacumbia.com\/en\/wp-json\/wp\/v2\/product_cat?post=49887"},{"taxonomy":"product_tag","embeddable":true,"href":"https:\/\/casacumbia.com\/en\/wp-json\/wp\/v2\/product_tag?post=49887"}],"curies":[{"name":"wp","href":"https:\/\/api.w.org\/{rel}","templated":true}]}}