{"id":49881,"date":"2025-07-20T18:16:25","date_gmt":"2025-07-20T16:16:25","guid":{"rendered":"https:\/\/casacumbia.com\/product\/rideau-a-feuilles-vert-fonce-estoril\/"},"modified":"2025-09-21T15:12:59","modified_gmt":"2025-09-21T13:12:59","slug":"rideau-a-feuilles-vert-fonce-estoril","status":"publish","type":"product","link":"https:\/\/casacumbia.com\/en\/produit\/rideau-a-feuilles-vert-fonce-estoril\/","title":{"rendered":"Rideau Feuilles Vert Fonc\u00e9 ESTORIL"},"content":{"rendered":"<p>La Collection Estoril est un hommage \u00e0 la fusion entre la nature, les feuilles et les ramages, et la sophistication. Son motif est exclusivement compos\u00e9 de feuilles. <\/p>\n","protected":false},"excerpt":{"rendered":"<p>La Collection Estoril est un hommage \u00e0 la fusion entre la nature, les feuilles et les ramages, et la sophistication.<\/p>\n","protected":false},"featured_media":30064,"comment_status":"closed","ping_status":"closed","template":"","meta":[],"product_brand":[],"product_cat":[182,239],"product_tag":[181,176,166],"class_list":{"0":"post-49881","1":"product","2":"type-product","3":"status-publish","4":"has-post-thumbnail","6":"product_cat-textiles-2","7":"product_cat-rideaux","8":"product_tag-integre-pim","9":"product_tag-petites-dimensions","10":"product_tag-produits-en-ligne","12":"first","13":"instock","14":"shipping-taxable","15":"purchasable","16":"product-type-simple"},"_links":{"self":[{"href":"https:\/\/casacumbia.com\/en\/wp-json\/wp\/v2\/product\/49881","targetHints":{"allow":["GET"]}}],"collection":[{"href":"https:\/\/casacumbia.com\/en\/wp-json\/wp\/v2\/product"}],"about":[{"href":"https:\/\/casacumbia.com\/en\/wp-json\/wp\/v2\/types\/product"}],"replies":[{"embeddable":true,"href":"https:\/\/casacumbia.com\/en\/wp-json\/wp\/v2\/comments?post=49881"}],"version-history":[{"count":1,"href":"https:\/\/casacumbia.com\/en\/wp-json\/wp\/v2\/product\/49881\/revisions"}],"predecessor-version":[{"id":53107,"href":"https:\/\/casacumbia.com\/en\/wp-json\/wp\/v2\/product\/49881\/revisions\/53107"}],"wp:featuredmedia":[{"embeddable":true,"href":"https:\/\/casacumbia.com\/en\/wp-json\/wp\/v2\/media\/30064"}],"wp:attachment":[{"href":"https:\/\/casacumbia.com\/en\/wp-json\/wp\/v2\/media?parent=49881"}],"wp:term":[{"taxonomy":"product_brand","embeddable":true,"href":"https:\/\/casacumbia.com\/en\/wp-json\/wp\/v2\/product_brand?post=49881"},{"taxonomy":"product_cat","embeddable":true,"href":"https:\/\/casacumbia.com\/en\/wp-json\/wp\/v2\/product_cat?post=49881"},{"taxonomy":"product_tag","embeddable":true,"href":"https:\/\/casacumbia.com\/en\/wp-json\/wp\/v2\/product_tag?post=49881"}],"curies":[{"name":"wp","href":"https:\/\/api.w.org\/{rel}","templated":true}]}}