{"id":49880,"date":"2025-07-20T18:16:32","date_gmt":"2025-07-20T16:16:32","guid":{"rendered":"https:\/\/casacumbia.com\/product\/table-dappoint-avec-panier-en-filet-dore-lapitec\/"},"modified":"2025-09-21T15:12:59","modified_gmt":"2025-09-21T13:12:59","slug":"table-dappoint-avec-panier-en-filet-dore-lapitec","status":"publish","type":"product","link":"https:\/\/casacumbia.com\/en\/produit\/table-dappoint-avec-panier-en-filet-dore-lapitec\/","title":{"rendered":"Table d&#8217;Appoint avec Panier en R\u00e9seau Dor\u00e9 LAPITEC"},"content":{"rendered":"<p><strong data-start=\"844\" data-end=\"872\">Table avec panier int\u00e9gr\u00e9<\/strong> : une lecture moderne de la fonctionnalit\u00e9, alliant praticit\u00e9 et style, avec un compartiment inf\u00e9rieur qui \u00e9voque les vanneries l\u00e9g\u00e8res, id\u00e9al pour des environnements d\u00e9contract\u00e9s mais raffin\u00e9s.<\/p>\n","protected":false},"excerpt":{"rendered":"<p>Table avec panier int\u00e9gr\u00e9 : une lecture moderne de la fonctionnalit\u00e9, alliant praticit\u00e9 et style, avec un compartiment inf\u00e9rieur qui<\/p>\n","protected":false},"featured_media":30082,"comment_status":"closed","ping_status":"closed","template":"","meta":[],"product_brand":[],"product_cat":[247],"product_tag":[173,165,166],"class_list":{"0":"post-49880","1":"product","2":"type-product","3":"status-publish","4":"has-post-thumbnail","6":"product_cat-meublesalon","7":"product_tag-grandes-dimensions","8":"product_tag-pas_d_images","9":"product_tag-produits-en-ligne","11":"first","12":"instock","13":"shipping-taxable","14":"purchasable","15":"product-type-simple"},"_links":{"self":[{"href":"https:\/\/casacumbia.com\/en\/wp-json\/wp\/v2\/product\/49880","targetHints":{"allow":["GET"]}}],"collection":[{"href":"https:\/\/casacumbia.com\/en\/wp-json\/wp\/v2\/product"}],"about":[{"href":"https:\/\/casacumbia.com\/en\/wp-json\/wp\/v2\/types\/product"}],"replies":[{"embeddable":true,"href":"https:\/\/casacumbia.com\/en\/wp-json\/wp\/v2\/comments?post=49880"}],"version-history":[{"count":1,"href":"https:\/\/casacumbia.com\/en\/wp-json\/wp\/v2\/product\/49880\/revisions"}],"predecessor-version":[{"id":53102,"href":"https:\/\/casacumbia.com\/en\/wp-json\/wp\/v2\/product\/49880\/revisions\/53102"}],"wp:featuredmedia":[{"embeddable":true,"href":"https:\/\/casacumbia.com\/en\/wp-json\/wp\/v2\/media\/30082"}],"wp:attachment":[{"href":"https:\/\/casacumbia.com\/en\/wp-json\/wp\/v2\/media?parent=49880"}],"wp:term":[{"taxonomy":"product_brand","embeddable":true,"href":"https:\/\/casacumbia.com\/en\/wp-json\/wp\/v2\/product_brand?post=49880"},{"taxonomy":"product_cat","embeddable":true,"href":"https:\/\/casacumbia.com\/en\/wp-json\/wp\/v2\/product_cat?post=49880"},{"taxonomy":"product_tag","embeddable":true,"href":"https:\/\/casacumbia.com\/en\/wp-json\/wp\/v2\/product_tag?post=49880"}],"curies":[{"name":"wp","href":"https:\/\/api.w.org\/{rel}","templated":true}]}}