{"id":49874,"date":"2025-07-20T18:16:32","date_gmt":"2025-07-20T16:16:32","guid":{"rendered":"https:\/\/casacumbia.com\/product\/sac-en-coton-a-carreaux-vert-43x5013-ria\/"},"modified":"2025-09-21T15:12:57","modified_gmt":"2025-09-21T13:12:57","slug":"sac-en-coton-a-carreaux-vert-43x5013-ria","status":"publish","type":"product","link":"https:\/\/casacumbia.com\/en\/produit\/sac-en-coton-a-carreaux-vert-43x5013-ria\/","title":{"rendered":"Sac en Coton \u00e0 Carreaux Vert 43&#215;50+13 RIA"},"content":{"rendered":"<p>Sac en Coton \u00e0 Carreaux Vert 43&#215;50+13 RIA. Une pi\u00e8ce essentielle de casacumbia, parfaite pour apporter une touche de style et de confort \u00e0 votre espace avec originalit\u00e9 et charme. <\/p>\n","protected":false},"excerpt":{"rendered":"<p>Sac en Coton \u00e0 Carreaux Vert 43&#215;50+13 RIA. Une pi\u00e8ce essentielle de casacumbia, parfaite pour apporter une touche de style<\/p>\n","protected":false},"featured_media":30090,"comment_status":"closed","ping_status":"closed","template":"","meta":[],"product_brand":[],"product_cat":[305,204],"product_tag":[181,176,166],"class_list":{"0":"post-49874","1":"product","2":"type-product","3":"status-publish","4":"has-post-thumbnail","6":"product_cat-accessoires-sacs-tote-bags","7":"product_cat-promotions-2","8":"product_tag-integre-pim","9":"product_tag-petites-dimensions","10":"product_tag-produits-en-ligne","12":"first","13":"instock","14":"sale","15":"shipping-taxable","16":"purchasable","17":"product-type-simple"},"_links":{"self":[{"href":"https:\/\/casacumbia.com\/en\/wp-json\/wp\/v2\/product\/49874","targetHints":{"allow":["GET"]}}],"collection":[{"href":"https:\/\/casacumbia.com\/en\/wp-json\/wp\/v2\/product"}],"about":[{"href":"https:\/\/casacumbia.com\/en\/wp-json\/wp\/v2\/types\/product"}],"replies":[{"embeddable":true,"href":"https:\/\/casacumbia.com\/en\/wp-json\/wp\/v2\/comments?post=49874"}],"version-history":[{"count":2,"href":"https:\/\/casacumbia.com\/en\/wp-json\/wp\/v2\/product\/49874\/revisions"}],"predecessor-version":[{"id":54002,"href":"https:\/\/casacumbia.com\/en\/wp-json\/wp\/v2\/product\/49874\/revisions\/54002"}],"wp:featuredmedia":[{"embeddable":true,"href":"https:\/\/casacumbia.com\/en\/wp-json\/wp\/v2\/media\/30090"}],"wp:attachment":[{"href":"https:\/\/casacumbia.com\/en\/wp-json\/wp\/v2\/media?parent=49874"}],"wp:term":[{"taxonomy":"product_brand","embeddable":true,"href":"https:\/\/casacumbia.com\/en\/wp-json\/wp\/v2\/product_brand?post=49874"},{"taxonomy":"product_cat","embeddable":true,"href":"https:\/\/casacumbia.com\/en\/wp-json\/wp\/v2\/product_cat?post=49874"},{"taxonomy":"product_tag","embeddable":true,"href":"https:\/\/casacumbia.com\/en\/wp-json\/wp\/v2\/product_tag?post=49874"}],"curies":[{"name":"wp","href":"https:\/\/api.w.org\/{rel}","templated":true}]}}