{"id":49873,"date":"2025-07-20T18:16:25","date_gmt":"2025-07-20T16:16:25","guid":{"rendered":"https:\/\/casacumbia.com\/product\/chariot-de-service-en-metal-dore-pour-bar-ou-the-girona\/"},"modified":"2025-09-21T15:12:56","modified_gmt":"2025-09-21T13:12:56","slug":"chariot-de-service-en-metal-dore-pour-bar-ou-the-girona","status":"publish","type":"product","link":"https:\/\/casacumbia.com\/en\/produit\/chariot-de-service-en-metal-dore-pour-bar-ou-the-girona\/","title":{"rendered":"Chariot de Service en M\u00e9tal Dor\u00e9 pour Bar ou Th\u00e9 GIRONA"},"content":{"rendered":"<p>Girona est le nouveau chariot de service \u00e9l\u00e9gant o\u00f9 le m\u00e9tal et le verre s&#8217;unissent pour cr\u00e9er un design moderne et \u00e9l\u00e9gant s&#8217;int\u00e9grant dans tout int\u00e9rieur.<\/p>\n","protected":false},"excerpt":{"rendered":"<p>Girona est le nouveau chariot de service \u00e9l\u00e9gant o\u00f9 le m\u00e9tal et le verre s&#8217;unissent pour cr\u00e9er un design moderne<\/p>\n","protected":false},"featured_media":30077,"comment_status":"closed","ping_status":"closed","template":"","meta":[],"product_brand":[],"product_cat":[247],"product_tag":[165,166],"class_list":{"0":"post-49873","1":"product","2":"type-product","3":"status-publish","4":"has-post-thumbnail","6":"product_cat-meublesalon","7":"product_tag-pas_d_images","8":"product_tag-produits-en-ligne","10":"first","11":"instock","12":"shipping-taxable","13":"purchasable","14":"product-type-simple"},"_links":{"self":[{"href":"https:\/\/casacumbia.com\/en\/wp-json\/wp\/v2\/product\/49873","targetHints":{"allow":["GET"]}}],"collection":[{"href":"https:\/\/casacumbia.com\/en\/wp-json\/wp\/v2\/product"}],"about":[{"href":"https:\/\/casacumbia.com\/en\/wp-json\/wp\/v2\/types\/product"}],"replies":[{"embeddable":true,"href":"https:\/\/casacumbia.com\/en\/wp-json\/wp\/v2\/comments?post=49873"}],"version-history":[{"count":1,"href":"https:\/\/casacumbia.com\/en\/wp-json\/wp\/v2\/product\/49873\/revisions"}],"predecessor-version":[{"id":53098,"href":"https:\/\/casacumbia.com\/en\/wp-json\/wp\/v2\/product\/49873\/revisions\/53098"}],"wp:featuredmedia":[{"embeddable":true,"href":"https:\/\/casacumbia.com\/en\/wp-json\/wp\/v2\/media\/30077"}],"wp:attachment":[{"href":"https:\/\/casacumbia.com\/en\/wp-json\/wp\/v2\/media?parent=49873"}],"wp:term":[{"taxonomy":"product_brand","embeddable":true,"href":"https:\/\/casacumbia.com\/en\/wp-json\/wp\/v2\/product_brand?post=49873"},{"taxonomy":"product_cat","embeddable":true,"href":"https:\/\/casacumbia.com\/en\/wp-json\/wp\/v2\/product_cat?post=49873"},{"taxonomy":"product_tag","embeddable":true,"href":"https:\/\/casacumbia.com\/en\/wp-json\/wp\/v2\/product_tag?post=49873"}],"curies":[{"name":"wp","href":"https:\/\/api.w.org\/{rel}","templated":true}]}}