{"id":49872,"date":"2025-07-20T18:16:32","date_gmt":"2025-07-20T16:16:32","guid":{"rendered":"https:\/\/casacumbia.com\/product\/serviette-de-bain-pour-le-visage-en-coton-et-lin-beige-et-naturel-mucha\/"},"modified":"2025-09-21T15:12:56","modified_gmt":"2025-09-21T13:12:56","slug":"serviette-de-bain-pour-le-visage-en-coton-et-lin-beige-et-naturel-mucha","status":"publish","type":"product","link":"https:\/\/casacumbia.com\/en\/produit\/serviette-de-bain-pour-le-visage-en-coton-et-lin-beige-et-naturel-mucha\/","title":{"rendered":"Serviette de Toilette Visage Coton et Lin Beige et Naturel MUCHA"},"content":{"rendered":"<p>La Collection s&#8217;est inspir\u00e9e de l&#8217;\u0153uvre du peintre Mucha qui a trouv\u00e9 son inspiration dans les formes et structures naturelles, comme, par exemple, dans les lignes courbes des fleurs et des plantes.<br \/>Coton\/lin de 480 gr<\/p>\n","protected":false},"excerpt":{"rendered":"<p>La Collection s&#8217;est inspir\u00e9e de l&#8217;\u0153uvre du peintre Mucha qui a trouv\u00e9 son inspiration dans les formes et structures naturelles,<\/p>\n","protected":false},"featured_media":30094,"comment_status":"closed","ping_status":"closed","template":"","meta":[],"product_brand":[],"product_cat":[299],"product_tag":[181,176,166],"class_list":{"0":"post-49872","1":"product","2":"type-product","3":"status-publish","4":"has-post-thumbnail","6":"product_cat-linge-de-bain","7":"product_tag-integre-pim","8":"product_tag-petites-dimensions","9":"product_tag-produits-en-ligne","11":"first","12":"instock","13":"shipping-taxable","14":"purchasable","15":"product-type-simple"},"_links":{"self":[{"href":"https:\/\/casacumbia.com\/en\/wp-json\/wp\/v2\/product\/49872","targetHints":{"allow":["GET"]}}],"collection":[{"href":"https:\/\/casacumbia.com\/en\/wp-json\/wp\/v2\/product"}],"about":[{"href":"https:\/\/casacumbia.com\/en\/wp-json\/wp\/v2\/types\/product"}],"replies":[{"embeddable":true,"href":"https:\/\/casacumbia.com\/en\/wp-json\/wp\/v2\/comments?post=49872"}],"version-history":[{"count":1,"href":"https:\/\/casacumbia.com\/en\/wp-json\/wp\/v2\/product\/49872\/revisions"}],"predecessor-version":[{"id":53621,"href":"https:\/\/casacumbia.com\/en\/wp-json\/wp\/v2\/product\/49872\/revisions\/53621"}],"wp:featuredmedia":[{"embeddable":true,"href":"https:\/\/casacumbia.com\/en\/wp-json\/wp\/v2\/media\/30094"}],"wp:attachment":[{"href":"https:\/\/casacumbia.com\/en\/wp-json\/wp\/v2\/media?parent=49872"}],"wp:term":[{"taxonomy":"product_brand","embeddable":true,"href":"https:\/\/casacumbia.com\/en\/wp-json\/wp\/v2\/product_brand?post=49872"},{"taxonomy":"product_cat","embeddable":true,"href":"https:\/\/casacumbia.com\/en\/wp-json\/wp\/v2\/product_cat?post=49872"},{"taxonomy":"product_tag","embeddable":true,"href":"https:\/\/casacumbia.com\/en\/wp-json\/wp\/v2\/product_tag?post=49872"}],"curies":[{"name":"wp","href":"https:\/\/api.w.org\/{rel}","templated":true}]}}