{"id":49864,"date":"2025-07-20T18:16:33","date_gmt":"2025-07-20T16:16:33","guid":{"rendered":"https:\/\/casacumbia.com\/product\/corbeille-a-pain-en-coton-reversible-formes-et-rayures-veggie-parade\/"},"modified":"2025-09-21T15:12:55","modified_gmt":"2025-09-21T13:12:55","slug":"corbeille-a-pain-en-coton-reversible-formes-et-rayures-veggie-parade","status":"publish","type":"product","link":"https:\/\/casacumbia.com\/en\/produit\/corbeille-a-pain-en-coton-reversible-formes-et-rayures-veggie-parade\/","title":{"rendered":"Corbeille \u00e0 Pain Coton R\u00e9versible Formes et Rayures VEGGIE PARADE"},"content":{"rendered":"<p>Cette collection s&#8217;inspire de la cuisine saine, o\u00f9 les l\u00e9gumes sont repr\u00e9sent\u00e9s de mani\u00e8re amusante et fra\u00eeche, qui m\u00e9lang\u00e9s aux formes g\u00e9om\u00e9triques de la tendance Smart Design, apportent une interpr\u00e9tation joyeuse et color\u00e9e aux repas.<br \/>Pens\u00e9 de mani\u00e8re intelligente, comme dans la tendance o\u00f9 il s&#8217;inscrit, le tablier de cette collection comprend un bouton o\u00f9 pourront \u00eatre suspendues les maniques ou torchons, rendant le moment de cuisiner plus efficace.<\/p>\n<p>Cette corbeille \u00e0 pain est r\u00e9versible.<\/p>\n","protected":false},"excerpt":{"rendered":"<p>Cette collection s&#8217;inspire de la cuisine saine, o\u00f9 les l\u00e9gumes sont repr\u00e9sent\u00e9s de mani\u00e8re amusante et fra\u00eeche, qui m\u00e9lang\u00e9s aux<\/p>\n","protected":false},"featured_media":30135,"comment_status":"closed","ping_status":"closed","template":"","meta":[],"product_brand":[],"product_cat":[326,204],"product_tag":[181,176,166],"class_list":{"0":"post-49864","1":"product","2":"type-product","3":"status-publish","4":"has-post-thumbnail","6":"product_cat-corbeilles-sacs-a-pain-services","7":"product_cat-promotions-2","8":"product_tag-integre-pim","9":"product_tag-petites-dimensions","10":"product_tag-produits-en-ligne","12":"first","13":"instock","14":"sale","15":"shipping-taxable","16":"purchasable","17":"product-type-simple"},"_links":{"self":[{"href":"https:\/\/casacumbia.com\/en\/wp-json\/wp\/v2\/product\/49864","targetHints":{"allow":["GET"]}}],"collection":[{"href":"https:\/\/casacumbia.com\/en\/wp-json\/wp\/v2\/product"}],"about":[{"href":"https:\/\/casacumbia.com\/en\/wp-json\/wp\/v2\/types\/product"}],"replies":[{"embeddable":true,"href":"https:\/\/casacumbia.com\/en\/wp-json\/wp\/v2\/comments?post=49864"}],"version-history":[{"count":1,"href":"https:\/\/casacumbia.com\/en\/wp-json\/wp\/v2\/product\/49864\/revisions"}],"predecessor-version":[{"id":53113,"href":"https:\/\/casacumbia.com\/en\/wp-json\/wp\/v2\/product\/49864\/revisions\/53113"}],"wp:featuredmedia":[{"embeddable":true,"href":"https:\/\/casacumbia.com\/en\/wp-json\/wp\/v2\/media\/30135"}],"wp:attachment":[{"href":"https:\/\/casacumbia.com\/en\/wp-json\/wp\/v2\/media?parent=49864"}],"wp:term":[{"taxonomy":"product_brand","embeddable":true,"href":"https:\/\/casacumbia.com\/en\/wp-json\/wp\/v2\/product_brand?post=49864"},{"taxonomy":"product_cat","embeddable":true,"href":"https:\/\/casacumbia.com\/en\/wp-json\/wp\/v2\/product_cat?post=49864"},{"taxonomy":"product_tag","embeddable":true,"href":"https:\/\/casacumbia.com\/en\/wp-json\/wp\/v2\/product_tag?post=49864"}],"curies":[{"name":"wp","href":"https:\/\/api.w.org\/{rel}","templated":true}]}}