{"id":49858,"date":"2025-07-20T18:16:33","date_gmt":"2025-07-20T16:16:33","guid":{"rendered":"https:\/\/casacumbia.com\/product\/serviette-de-bain-pour-le-visage-en-coton-jacquard-avec-bordure-florale-murano\/"},"modified":"2025-09-21T15:12:53","modified_gmt":"2025-09-21T13:12:53","slug":"serviette-de-bain-pour-le-visage-en-coton-jacquard-avec-bordure-florale-murano","status":"publish","type":"product","link":"https:\/\/casacumbia.com\/en\/produit\/serviette-de-bain-pour-le-visage-en-coton-jacquard-avec-bordure-florale-murano\/","title":{"rendered":"Serviette de Toilette en Coton Jacquard avec Bordure Florale MURANO"},"content":{"rendered":"<p>Serviette de Toilette en Coton Jacquard avec Bordure Florale MURANO. Une pi\u00e8ce essentielle de casacumbia, parfaite pour apporter une touche de style et de confort \u00e0 votre espace avec originalit\u00e9 et charme. <\/p>\n","protected":false},"excerpt":{"rendered":"<p>Serviette de Toilette en Coton Jacquard avec Bordure Florale MURANO. Une pi\u00e8ce essentielle de casacumbia, parfaite pour apporter une touche<\/p>\n","protected":false},"featured_media":30172,"comment_status":"closed","ping_status":"closed","template":"","meta":[],"product_brand":[],"product_cat":[299],"product_tag":[181,176,166],"class_list":{"0":"post-49858","1":"product","2":"type-product","3":"status-publish","4":"has-post-thumbnail","6":"product_cat-linge-de-bain","7":"product_tag-integre-pim","8":"product_tag-petites-dimensions","9":"product_tag-produits-en-ligne","11":"first","12":"instock","13":"shipping-taxable","14":"purchasable","15":"product-type-simple"},"_links":{"self":[{"href":"https:\/\/casacumbia.com\/en\/wp-json\/wp\/v2\/product\/49858","targetHints":{"allow":["GET"]}}],"collection":[{"href":"https:\/\/casacumbia.com\/en\/wp-json\/wp\/v2\/product"}],"about":[{"href":"https:\/\/casacumbia.com\/en\/wp-json\/wp\/v2\/types\/product"}],"replies":[{"embeddable":true,"href":"https:\/\/casacumbia.com\/en\/wp-json\/wp\/v2\/comments?post=49858"}],"version-history":[{"count":2,"href":"https:\/\/casacumbia.com\/en\/wp-json\/wp\/v2\/product\/49858\/revisions"}],"predecessor-version":[{"id":54001,"href":"https:\/\/casacumbia.com\/en\/wp-json\/wp\/v2\/product\/49858\/revisions\/54001"}],"wp:featuredmedia":[{"embeddable":true,"href":"https:\/\/casacumbia.com\/en\/wp-json\/wp\/v2\/media\/30172"}],"wp:attachment":[{"href":"https:\/\/casacumbia.com\/en\/wp-json\/wp\/v2\/media?parent=49858"}],"wp:term":[{"taxonomy":"product_brand","embeddable":true,"href":"https:\/\/casacumbia.com\/en\/wp-json\/wp\/v2\/product_brand?post=49858"},{"taxonomy":"product_cat","embeddable":true,"href":"https:\/\/casacumbia.com\/en\/wp-json\/wp\/v2\/product_cat?post=49858"},{"taxonomy":"product_tag","embeddable":true,"href":"https:\/\/casacumbia.com\/en\/wp-json\/wp\/v2\/product_tag?post=49858"}],"curies":[{"name":"wp","href":"https:\/\/api.w.org\/{rel}","templated":true}]}}