{"id":49854,"date":"2025-07-20T18:16:33","date_gmt":"2025-07-20T16:16:33","guid":{"rendered":"https:\/\/casacumbia.com\/product\/coussin-en-coton-jaune-chien-blanc-dogs-party\/"},"modified":"2025-09-21T15:12:52","modified_gmt":"2025-09-21T13:12:52","slug":"coussin-en-coton-jaune-chien-blanc-dogs-party","status":"publish","type":"product","link":"https:\/\/casacumbia.com\/en\/produit\/coussin-en-coton-jaune-chien-blanc-dogs-party\/","title":{"rendered":"Coussin en Coton Jaune Chien Blanc DOGS PARTY"},"content":{"rendered":"<p>Une collection amusante et pleine de personnalit\u00e9, o\u00f9 les chiens sont les v\u00e9ritables protagonistes ! Dans des tons vifs et des illustrations charmantes, Dog&#8217;s Party apporte de la joie \u00e0 l&#8217;univers des enfants avec du linge de lit, des serviettes, des sacs et des tableaux d\u00e9coratifs. Chaque pi\u00e8ce c\u00e9l\u00e8bre le c\u00f4t\u00e9 le plus amusant et charismatique de nos amis \u00e0 quatre pattes \u2014 parfaits pour accompagner les plus petits \u00e0 tous les moments de la journ\u00e9e.  <\/p>\n","protected":false},"excerpt":{"rendered":"<p>Une collection amusante et pleine de personnalit\u00e9, o\u00f9 les chiens sont les v\u00e9ritables protagonistes ! Dans des tons vifs et<\/p>\n","protected":false},"featured_media":30161,"comment_status":"closed","ping_status":"closed","template":"","meta":[],"product_brand":[],"product_cat":[238,182,204],"product_tag":[181,176,166],"class_list":{"0":"post-49854","1":"product","2":"type-product","3":"status-publish","4":"has-post-thumbnail","6":"product_cat-coussins","7":"product_cat-textiles-2","8":"product_cat-promotions-2","9":"product_tag-integre-pim","10":"product_tag-petites-dimensions","11":"product_tag-produits-en-ligne","13":"first","14":"instock","15":"sale","16":"shipping-taxable","17":"purchasable","18":"product-type-simple"},"_links":{"self":[{"href":"https:\/\/casacumbia.com\/en\/wp-json\/wp\/v2\/product\/49854","targetHints":{"allow":["GET"]}}],"collection":[{"href":"https:\/\/casacumbia.com\/en\/wp-json\/wp\/v2\/product"}],"about":[{"href":"https:\/\/casacumbia.com\/en\/wp-json\/wp\/v2\/types\/product"}],"replies":[{"embeddable":true,"href":"https:\/\/casacumbia.com\/en\/wp-json\/wp\/v2\/comments?post=49854"}],"version-history":[{"count":1,"href":"https:\/\/casacumbia.com\/en\/wp-json\/wp\/v2\/product\/49854\/revisions"}],"predecessor-version":[{"id":53112,"href":"https:\/\/casacumbia.com\/en\/wp-json\/wp\/v2\/product\/49854\/revisions\/53112"}],"wp:featuredmedia":[{"embeddable":true,"href":"https:\/\/casacumbia.com\/en\/wp-json\/wp\/v2\/media\/30161"}],"wp:attachment":[{"href":"https:\/\/casacumbia.com\/en\/wp-json\/wp\/v2\/media?parent=49854"}],"wp:term":[{"taxonomy":"product_brand","embeddable":true,"href":"https:\/\/casacumbia.com\/en\/wp-json\/wp\/v2\/product_brand?post=49854"},{"taxonomy":"product_cat","embeddable":true,"href":"https:\/\/casacumbia.com\/en\/wp-json\/wp\/v2\/product_cat?post=49854"},{"taxonomy":"product_tag","embeddable":true,"href":"https:\/\/casacumbia.com\/en\/wp-json\/wp\/v2\/product_tag?post=49854"}],"curies":[{"name":"wp","href":"https:\/\/api.w.org\/{rel}","templated":true}]}}