{"id":49845,"date":"2025-07-20T18:16:41","date_gmt":"2025-07-20T16:16:41","guid":{"rendered":"https:\/\/casacumbia.com\/product\/serviette-de-bain-en-coton-motif-algues-bleu-et-blanc-coral\/"},"modified":"2025-09-21T15:12:49","modified_gmt":"2025-09-21T13:12:49","slug":"serviette-de-bain-en-coton-motif-algues-bleu-et-blanc-coral","status":"publish","type":"product","link":"https:\/\/casacumbia.com\/en\/produit\/serviette-de-bain-en-coton-motif-algues-bleu-et-blanc-coral\/","title":{"rendered":"Serviette de Bain Corps Coton Algues en Bleu et Blanc CORAL"},"content":{"rendered":"<p>La collection de serviettes de bain CORAL apporte la richesse des formes des r\u00e9cifs coralliens dans votre salle de bain. Elle combine une palette classique de bleu et blanc qui \u00e9voque la s\u00e9r\u00e9nit\u00e9 de l&#8217;oc\u00e9an avec la technique jacquard et une production 100 % nationale. <\/p>\n","protected":false},"excerpt":{"rendered":"<p>La collection de serviettes de bain CORAL apporte la richesse des formes des r\u00e9cifs coralliens dans votre salle de bain.<\/p>\n","protected":false},"featured_media":30220,"comment_status":"closed","ping_status":"closed","template":"","meta":[],"product_brand":[],"product_cat":[299],"product_tag":[181,176,166],"class_list":{"0":"post-49845","1":"product","2":"type-product","3":"status-publish","4":"has-post-thumbnail","6":"product_cat-linge-de-bain","7":"product_tag-integre-pim","8":"product_tag-petites-dimensions","9":"product_tag-produits-en-ligne","11":"first","12":"instock","13":"shipping-taxable","14":"purchasable","15":"product-type-simple"},"_links":{"self":[{"href":"https:\/\/casacumbia.com\/en\/wp-json\/wp\/v2\/product\/49845","targetHints":{"allow":["GET"]}}],"collection":[{"href":"https:\/\/casacumbia.com\/en\/wp-json\/wp\/v2\/product"}],"about":[{"href":"https:\/\/casacumbia.com\/en\/wp-json\/wp\/v2\/types\/product"}],"replies":[{"embeddable":true,"href":"https:\/\/casacumbia.com\/en\/wp-json\/wp\/v2\/comments?post=49845"}],"version-history":[{"count":1,"href":"https:\/\/casacumbia.com\/en\/wp-json\/wp\/v2\/product\/49845\/revisions"}],"predecessor-version":[{"id":53017,"href":"https:\/\/casacumbia.com\/en\/wp-json\/wp\/v2\/product\/49845\/revisions\/53017"}],"wp:featuredmedia":[{"embeddable":true,"href":"https:\/\/casacumbia.com\/en\/wp-json\/wp\/v2\/media\/30220"}],"wp:attachment":[{"href":"https:\/\/casacumbia.com\/en\/wp-json\/wp\/v2\/media?parent=49845"}],"wp:term":[{"taxonomy":"product_brand","embeddable":true,"href":"https:\/\/casacumbia.com\/en\/wp-json\/wp\/v2\/product_brand?post=49845"},{"taxonomy":"product_cat","embeddable":true,"href":"https:\/\/casacumbia.com\/en\/wp-json\/wp\/v2\/product_cat?post=49845"},{"taxonomy":"product_tag","embeddable":true,"href":"https:\/\/casacumbia.com\/en\/wp-json\/wp\/v2\/product_tag?post=49845"}],"curies":[{"name":"wp","href":"https:\/\/api.w.org\/{rel}","templated":true}]}}