{"id":49843,"date":"2025-07-20T18:16:41","date_gmt":"2025-07-20T16:16:41","guid":{"rendered":"https:\/\/casacumbia.com\/product\/verre-bas-coral-420ml-picos\/"},"modified":"2025-09-21T15:12:49","modified_gmt":"2025-09-21T13:12:49","slug":"verre-bas-coral-420ml-picos","status":"publish","type":"product","link":"https:\/\/casacumbia.com\/en\/produit\/verre-bas-coral-420ml-picos\/","title":{"rendered":"Verre Bas Coral 420ml PICOS"},"content":{"rendered":"<p>La texture de la collection Picos s&#8217;inspire des formes organiques des coquillages, coraux et poissons-ballons. Elle se compose de 5 pi\u00e8ces : le pichet, le verre avec pied et sans pied, le saladier et le bol, en 3 couleurs : transparent, coral et vert.<br \/>La l\u00e9g\u00e8ret\u00e9 du mat\u00e9riau en fait la combinaison parfaite pour les services d&#8217;ext\u00e9rieur mais aussi pour toute table de f\u00eate ou pour servir une sangria, un rafra\u00eechissement ou de l&#8217;eau. <\/p>\n","protected":false},"excerpt":{"rendered":"<p>La texture de la collection Picos s&#8217;inspire des formes organiques des coquillages, coraux et poissons-ballons. Elle se compose de 5<\/p>\n","protected":false},"featured_media":30226,"comment_status":"closed","ping_status":"closed","template":"","meta":[],"product_brand":[],"product_cat":[174,204,255],"product_tag":[181,176,166],"class_list":{"0":"post-49843","1":"product","2":"type-product","3":"status-publish","4":"has-post-thumbnail","6":"product_cat-kitchen-2","7":"product_cat-promotions-2","8":"product_cat-verres","9":"product_tag-integre-pim","10":"product_tag-petites-dimensions","11":"product_tag-produits-en-ligne","13":"first","14":"instock","15":"sale","16":"shipping-taxable","17":"purchasable","18":"product-type-simple"},"_links":{"self":[{"href":"https:\/\/casacumbia.com\/en\/wp-json\/wp\/v2\/product\/49843","targetHints":{"allow":["GET"]}}],"collection":[{"href":"https:\/\/casacumbia.com\/en\/wp-json\/wp\/v2\/product"}],"about":[{"href":"https:\/\/casacumbia.com\/en\/wp-json\/wp\/v2\/types\/product"}],"replies":[{"embeddable":true,"href":"https:\/\/casacumbia.com\/en\/wp-json\/wp\/v2\/comments?post=49843"}],"version-history":[{"count":1,"href":"https:\/\/casacumbia.com\/en\/wp-json\/wp\/v2\/product\/49843\/revisions"}],"predecessor-version":[{"id":53015,"href":"https:\/\/casacumbia.com\/en\/wp-json\/wp\/v2\/product\/49843\/revisions\/53015"}],"wp:featuredmedia":[{"embeddable":true,"href":"https:\/\/casacumbia.com\/en\/wp-json\/wp\/v2\/media\/30226"}],"wp:attachment":[{"href":"https:\/\/casacumbia.com\/en\/wp-json\/wp\/v2\/media?parent=49843"}],"wp:term":[{"taxonomy":"product_brand","embeddable":true,"href":"https:\/\/casacumbia.com\/en\/wp-json\/wp\/v2\/product_brand?post=49843"},{"taxonomy":"product_cat","embeddable":true,"href":"https:\/\/casacumbia.com\/en\/wp-json\/wp\/v2\/product_cat?post=49843"},{"taxonomy":"product_tag","embeddable":true,"href":"https:\/\/casacumbia.com\/en\/wp-json\/wp\/v2\/product_tag?post=49843"}],"curies":[{"name":"wp","href":"https:\/\/api.w.org\/{rel}","templated":true}]}}