{"id":49840,"date":"2025-07-20T18:16:42","date_gmt":"2025-07-20T16:16:42","guid":{"rendered":"https:\/\/casacumbia.com\/product\/tapis-de-bain-en-coton-rose-sand\/"},"modified":"2025-09-21T15:12:48","modified_gmt":"2025-09-21T13:12:48","slug":"tapis-de-bain-en-coton-rose-sand","status":"publish","type":"product","link":"https:\/\/casacumbia.com\/en\/produit\/tapis-de-bain-en-coton-rose-sand\/","title":{"rendered":"Tapis de Bain Coton Rose SAND"},"content":{"rendered":"<p>Collection de Tapis en 100 % Coton o\u00f9 la fonctionnalit\u00e9 est le point cl\u00e9 pour une pi\u00e8ce indispensable \u00e0 la routine quotidienne. Cette collection compl\u00e8te la collection 4EveryDay de Textiles de Bain. <\/p>\n","protected":false},"excerpt":{"rendered":"<p>Collection de Tapis en 100 % Coton o\u00f9 la fonctionnalit\u00e9 est le point cl\u00e9 pour une pi\u00e8ce indispensable \u00e0 la<\/p>\n","protected":false},"featured_media":30254,"comment_status":"closed","ping_status":"closed","template":"","meta":[],"product_brand":[],"product_cat":[304],"product_tag":[181,176,166],"class_list":{"0":"post-49840","1":"product","2":"type-product","3":"status-publish","4":"has-post-thumbnail","6":"product_cat-tapis","7":"product_tag-integre-pim","8":"product_tag-petites-dimensions","9":"product_tag-produits-en-ligne","11":"first","12":"instock","13":"shipping-taxable","14":"purchasable","15":"product-type-simple"},"_links":{"self":[{"href":"https:\/\/casacumbia.com\/en\/wp-json\/wp\/v2\/product\/49840","targetHints":{"allow":["GET"]}}],"collection":[{"href":"https:\/\/casacumbia.com\/en\/wp-json\/wp\/v2\/product"}],"about":[{"href":"https:\/\/casacumbia.com\/en\/wp-json\/wp\/v2\/types\/product"}],"replies":[{"embeddable":true,"href":"https:\/\/casacumbia.com\/en\/wp-json\/wp\/v2\/comments?post=49840"}],"version-history":[{"count":1,"href":"https:\/\/casacumbia.com\/en\/wp-json\/wp\/v2\/product\/49840\/revisions"}],"predecessor-version":[{"id":53649,"href":"https:\/\/casacumbia.com\/en\/wp-json\/wp\/v2\/product\/49840\/revisions\/53649"}],"wp:featuredmedia":[{"embeddable":true,"href":"https:\/\/casacumbia.com\/en\/wp-json\/wp\/v2\/media\/30254"}],"wp:attachment":[{"href":"https:\/\/casacumbia.com\/en\/wp-json\/wp\/v2\/media?parent=49840"}],"wp:term":[{"taxonomy":"product_brand","embeddable":true,"href":"https:\/\/casacumbia.com\/en\/wp-json\/wp\/v2\/product_brand?post=49840"},{"taxonomy":"product_cat","embeddable":true,"href":"https:\/\/casacumbia.com\/en\/wp-json\/wp\/v2\/product_cat?post=49840"},{"taxonomy":"product_tag","embeddable":true,"href":"https:\/\/casacumbia.com\/en\/wp-json\/wp\/v2\/product_tag?post=49840"}],"curies":[{"name":"wp","href":"https:\/\/api.w.org\/{rel}","templated":true}]}}