{"id":49838,"date":"2025-07-20T18:16:42","date_gmt":"2025-07-20T16:16:42","guid":{"rendered":"https:\/\/casacumbia.com\/product\/rideau-a-rayures-et-dentelle-moutarde-backyard\/"},"modified":"2025-09-21T15:12:48","modified_gmt":"2025-09-21T13:12:48","slug":"rideau-a-rayures-et-dentelle-moutarde-backyard","status":"publish","type":"product","link":"https:\/\/casacumbia.com\/en\/produit\/rideau-a-rayures-et-dentelle-moutarde-backyard\/","title":{"rendered":"Rideau \u00e0 Rayures et Dentelle Moutarde BACKYARD"},"content":{"rendered":"<p>Backyard &#8211; Elle s&#8217;inspire du romantisme de la vie rurale transmis \u00e0 travers des fleurs et des feuillages stylis\u00e9s et surdimensionn\u00e9s qui donnent un m\u00e9lange traditionnel contemporain \u00e0 la collection. <br \/> Textures visuelles et tactiles et une conjugaison de couleurs douces de la nature dans une collection qui apportera la joie de la nature \u00e0 votre maison.<\/p>\n","protected":false},"excerpt":{"rendered":"<p>Backyard &#8211; Elle s&#8217;inspire du romantisme de la vie rurale transmis \u00e0 travers des fleurs et des feuillages stylis\u00e9s et<\/p>\n","protected":false},"featured_media":30259,"comment_status":"closed","ping_status":"closed","template":"","meta":[],"product_brand":[],"product_cat":[182,204,239],"product_tag":[181,176,166],"class_list":{"0":"post-49838","1":"product","2":"type-product","3":"status-publish","4":"has-post-thumbnail","6":"product_cat-textiles-2","7":"product_cat-promotions-2","8":"product_cat-rideaux","9":"product_tag-integre-pim","10":"product_tag-petites-dimensions","11":"product_tag-produits-en-ligne","13":"first","14":"instock","15":"sale","16":"shipping-taxable","17":"purchasable","18":"product-type-simple"},"_links":{"self":[{"href":"https:\/\/casacumbia.com\/en\/wp-json\/wp\/v2\/product\/49838","targetHints":{"allow":["GET"]}}],"collection":[{"href":"https:\/\/casacumbia.com\/en\/wp-json\/wp\/v2\/product"}],"about":[{"href":"https:\/\/casacumbia.com\/en\/wp-json\/wp\/v2\/types\/product"}],"replies":[{"embeddable":true,"href":"https:\/\/casacumbia.com\/en\/wp-json\/wp\/v2\/comments?post=49838"}],"version-history":[{"count":1,"href":"https:\/\/casacumbia.com\/en\/wp-json\/wp\/v2\/product\/49838\/revisions"}],"predecessor-version":[{"id":53647,"href":"https:\/\/casacumbia.com\/en\/wp-json\/wp\/v2\/product\/49838\/revisions\/53647"}],"wp:featuredmedia":[{"embeddable":true,"href":"https:\/\/casacumbia.com\/en\/wp-json\/wp\/v2\/media\/30259"}],"wp:attachment":[{"href":"https:\/\/casacumbia.com\/en\/wp-json\/wp\/v2\/media?parent=49838"}],"wp:term":[{"taxonomy":"product_brand","embeddable":true,"href":"https:\/\/casacumbia.com\/en\/wp-json\/wp\/v2\/product_brand?post=49838"},{"taxonomy":"product_cat","embeddable":true,"href":"https:\/\/casacumbia.com\/en\/wp-json\/wp\/v2\/product_cat?post=49838"},{"taxonomy":"product_tag","embeddable":true,"href":"https:\/\/casacumbia.com\/en\/wp-json\/wp\/v2\/product_tag?post=49838"}],"curies":[{"name":"wp","href":"https:\/\/api.w.org\/{rel}","templated":true}]}}