{"id":49831,"date":"2025-07-20T18:16:13","date_gmt":"2025-07-20T16:16:13","guid":{"rendered":"https:\/\/casacumbia.com\/product\/assiette-creuse-aromatics\/"},"modified":"2025-09-21T15:12:46","modified_gmt":"2025-09-21T13:12:46","slug":"assiette-creuse-aromatics","status":"publish","type":"product","link":"https:\/\/casacumbia.com\/en\/produit\/assiette-creuse-aromatics\/","title":{"rendered":"Assiette creuse AROMATICS"},"content":{"rendered":"<p>La collection AROMATICS s&#8217;inspire du th\u00e8me cottagecore. Les illustrations originales ont \u00e9t\u00e9 peintes \u00e0 l&#8217;aquarelle en combinant diverses herbes aromatiques qui conf\u00e8rent un esprit champ\u00eatre au service r\u00e9alis\u00e9 en m\u00e9tal. Dressez la table dehors, entour\u00e9e de fleurs et profitez d&#8217;une ambiance champ\u00eatre \u00e0 votre table. La collection se compose d&#8217;un service en m\u00e9tal avec assiette plate, assiette \u00e0 dessert, bol, assiette \u00e0 p\u00e2tes et deux plateaux de service.   <\/p>\n","protected":false},"excerpt":{"rendered":"<p>La collection AROMATICS s&#8217;inspire du th\u00e8me cottagecore. Les illustrations originales ont \u00e9t\u00e9 peintes \u00e0 l&#8217;aquarelle en combinant diverses herbes aromatiques<\/p>\n","protected":false},"featured_media":29904,"comment_status":"closed","ping_status":"closed","template":"","meta":[],"product_brand":[],"product_cat":[283,174,204],"product_tag":[181,176,166],"class_list":{"0":"post-49831","1":"product","2":"type-product","3":"status-publish","4":"has-post-thumbnail","6":"product_cat-assiettes","7":"product_cat-kitchen-2","8":"product_cat-promotions-2","9":"product_tag-integre-pim","10":"product_tag-petites-dimensions","11":"product_tag-produits-en-ligne","13":"first","14":"instock","15":"sale","16":"shipping-taxable","17":"purchasable","18":"product-type-simple"},"_links":{"self":[{"href":"https:\/\/casacumbia.com\/en\/wp-json\/wp\/v2\/product\/49831","targetHints":{"allow":["GET"]}}],"collection":[{"href":"https:\/\/casacumbia.com\/en\/wp-json\/wp\/v2\/product"}],"about":[{"href":"https:\/\/casacumbia.com\/en\/wp-json\/wp\/v2\/types\/product"}],"replies":[{"embeddable":true,"href":"https:\/\/casacumbia.com\/en\/wp-json\/wp\/v2\/comments?post=49831"}],"version-history":[{"count":1,"href":"https:\/\/casacumbia.com\/en\/wp-json\/wp\/v2\/product\/49831\/revisions"}],"predecessor-version":[{"id":53155,"href":"https:\/\/casacumbia.com\/en\/wp-json\/wp\/v2\/product\/49831\/revisions\/53155"}],"wp:featuredmedia":[{"embeddable":true,"href":"https:\/\/casacumbia.com\/en\/wp-json\/wp\/v2\/media\/29904"}],"wp:attachment":[{"href":"https:\/\/casacumbia.com\/en\/wp-json\/wp\/v2\/media?parent=49831"}],"wp:term":[{"taxonomy":"product_brand","embeddable":true,"href":"https:\/\/casacumbia.com\/en\/wp-json\/wp\/v2\/product_brand?post=49831"},{"taxonomy":"product_cat","embeddable":true,"href":"https:\/\/casacumbia.com\/en\/wp-json\/wp\/v2\/product_cat?post=49831"},{"taxonomy":"product_tag","embeddable":true,"href":"https:\/\/casacumbia.com\/en\/wp-json\/wp\/v2\/product_tag?post=49831"}],"curies":[{"name":"wp","href":"https:\/\/api.w.org\/{rel}","templated":true}]}}