{"id":49825,"date":"2025-07-20T18:16:14","date_gmt":"2025-07-20T16:16:14","guid":{"rendered":"https:\/\/casacumbia.com\/product\/service-de-couverts-16-pieces-vert-summer\/"},"modified":"2025-09-21T15:12:45","modified_gmt":"2025-09-21T13:12:45","slug":"service-de-couverts-16-pieces-vert-summer","status":"publish","type":"product","link":"https:\/\/casacumbia.com\/en\/produit\/service-de-couverts-16-pieces-vert-summer\/","title":{"rendered":"M\u00e9nag\u00e8re 16 pi\u00e8ces Vert SUMMER"},"content":{"rendered":"<p>Fonctionnalit\u00e9 et couleur pour votre table. La m\u00e9nag\u00e8re SUMMER est compos\u00e9e de 24 pi\u00e8ces en acier inoxydable de haute qualit\u00e9 alliage 15\/10, avec des manches en plastique durable et facile d&#8217;entretien. Comprend 6 fourchettes, 6 couteaux, 6 cuill\u00e8res \u00e0 soupe et 6 cuill\u00e8res \u00e0 caf\u00e9 \u2013 parfait pour les repas du quotidien ou les rencontres d\u00e9contract\u00e9es. Une collection pratique, l\u00e9g\u00e8re et pleine de personnalit\u00e9.   <\/p>\n","protected":false},"excerpt":{"rendered":"<p>Fonctionnalit\u00e9 et couleur pour votre table. La m\u00e9nag\u00e8re SUMMER est compos\u00e9e de 24 pi\u00e8ces en acier inoxydable de haute qualit\u00e9<\/p>\n","protected":false},"featured_media":29944,"comment_status":"closed","ping_status":"closed","template":"","meta":[],"product_brand":[],"product_cat":[256,204],"product_tag":[181,176,166],"class_list":{"0":"post-49825","1":"product","2":"type-product","3":"status-publish","4":"has-post-thumbnail","6":"product_cat-couverts","7":"product_cat-promotions-2","8":"product_tag-integre-pim","9":"product_tag-petites-dimensions","10":"product_tag-produits-en-ligne","12":"first","13":"instock","14":"sale","15":"shipping-taxable","16":"purchasable","17":"product-type-simple"},"_links":{"self":[{"href":"https:\/\/casacumbia.com\/en\/wp-json\/wp\/v2\/product\/49825","targetHints":{"allow":["GET"]}}],"collection":[{"href":"https:\/\/casacumbia.com\/en\/wp-json\/wp\/v2\/product"}],"about":[{"href":"https:\/\/casacumbia.com\/en\/wp-json\/wp\/v2\/types\/product"}],"replies":[{"embeddable":true,"href":"https:\/\/casacumbia.com\/en\/wp-json\/wp\/v2\/comments?post=49825"}],"version-history":[{"count":1,"href":"https:\/\/casacumbia.com\/en\/wp-json\/wp\/v2\/product\/49825\/revisions"}],"predecessor-version":[{"id":53078,"href":"https:\/\/casacumbia.com\/en\/wp-json\/wp\/v2\/product\/49825\/revisions\/53078"}],"wp:featuredmedia":[{"embeddable":true,"href":"https:\/\/casacumbia.com\/en\/wp-json\/wp\/v2\/media\/29944"}],"wp:attachment":[{"href":"https:\/\/casacumbia.com\/en\/wp-json\/wp\/v2\/media?parent=49825"}],"wp:term":[{"taxonomy":"product_brand","embeddable":true,"href":"https:\/\/casacumbia.com\/en\/wp-json\/wp\/v2\/product_brand?post=49825"},{"taxonomy":"product_cat","embeddable":true,"href":"https:\/\/casacumbia.com\/en\/wp-json\/wp\/v2\/product_cat?post=49825"},{"taxonomy":"product_tag","embeddable":true,"href":"https:\/\/casacumbia.com\/en\/wp-json\/wp\/v2\/product_tag?post=49825"}],"curies":[{"name":"wp","href":"https:\/\/api.w.org\/{rel}","templated":true}]}}