{"id":49820,"date":"2025-07-20T18:16:14","date_gmt":"2025-07-20T16:16:14","guid":{"rendered":"https:\/\/casacumbia.com\/product\/set-de-couverts-vert-16-pieces-party\/"},"modified":"2025-09-21T15:12:44","modified_gmt":"2025-09-21T13:12:44","slug":"set-de-couverts-vert-16-pieces-party","status":"publish","type":"product","link":"https:\/\/casacumbia.com\/en\/produit\/set-de-couverts-vert-16-pieces-party\/","title":{"rendered":"M\u00e9nag\u00e8re verte 16 pi\u00e8ces PARTY"},"content":{"rendered":"<p>Une collection de compl\u00e9ments de table et d&#8217;accessoires de bar cr\u00e9\u00e9e pour transformer chaque occasion en un moment m\u00e9morable.<br \/>Des d\u00eeners intimes aux c\u00e9l\u00e9brations vibrantes, PARTY \u00e9l\u00e8ve l&#8217;exp\u00e9rience avec des pi\u00e8ces marquantes, fonctionnelles et pleines de personnalit\u00e9.<\/p>\n","protected":false},"excerpt":{"rendered":"<p>Une collection de compl\u00e9ments de table et d&#8217;accessoires de bar cr\u00e9\u00e9e pour transformer chaque occasion en un moment m\u00e9morable.Des d\u00eeners<\/p>\n","protected":false},"featured_media":29932,"comment_status":"closed","ping_status":"closed","template":"","meta":[],"product_brand":[],"product_cat":[256,204],"product_tag":[181,176,166],"class_list":{"0":"post-49820","1":"product","2":"type-product","3":"status-publish","4":"has-post-thumbnail","6":"product_cat-couverts","7":"product_cat-promotions-2","8":"product_tag-integre-pim","9":"product_tag-petites-dimensions","10":"product_tag-produits-en-ligne","12":"first","13":"instock","14":"sale","15":"shipping-taxable","16":"purchasable","17":"product-type-simple"},"_links":{"self":[{"href":"https:\/\/casacumbia.com\/en\/wp-json\/wp\/v2\/product\/49820","targetHints":{"allow":["GET"]}}],"collection":[{"href":"https:\/\/casacumbia.com\/en\/wp-json\/wp\/v2\/product"}],"about":[{"href":"https:\/\/casacumbia.com\/en\/wp-json\/wp\/v2\/types\/product"}],"replies":[{"embeddable":true,"href":"https:\/\/casacumbia.com\/en\/wp-json\/wp\/v2\/comments?post=49820"}],"version-history":[{"count":1,"href":"https:\/\/casacumbia.com\/en\/wp-json\/wp\/v2\/product\/49820\/revisions"}],"predecessor-version":[{"id":53173,"href":"https:\/\/casacumbia.com\/en\/wp-json\/wp\/v2\/product\/49820\/revisions\/53173"}],"wp:featuredmedia":[{"embeddable":true,"href":"https:\/\/casacumbia.com\/en\/wp-json\/wp\/v2\/media\/29932"}],"wp:attachment":[{"href":"https:\/\/casacumbia.com\/en\/wp-json\/wp\/v2\/media?parent=49820"}],"wp:term":[{"taxonomy":"product_brand","embeddable":true,"href":"https:\/\/casacumbia.com\/en\/wp-json\/wp\/v2\/product_brand?post=49820"},{"taxonomy":"product_cat","embeddable":true,"href":"https:\/\/casacumbia.com\/en\/wp-json\/wp\/v2\/product_cat?post=49820"},{"taxonomy":"product_tag","embeddable":true,"href":"https:\/\/casacumbia.com\/en\/wp-json\/wp\/v2\/product_tag?post=49820"}],"curies":[{"name":"wp","href":"https:\/\/api.w.org\/{rel}","templated":true}]}}