{"id":49818,"date":"2025-07-20T18:16:14","date_gmt":"2025-07-20T16:16:14","guid":{"rendered":"https:\/\/casacumbia.com\/product\/support-de-papier-toilette-rond-marron-et-noir-acacia\/"},"modified":"2025-09-21T15:12:44","modified_gmt":"2025-09-21T13:12:44","slug":"support-de-papier-toilette-rond-marron-et-noir-acacia","status":"publish","type":"product","link":"https:\/\/casacumbia.com\/en\/produit\/support-de-papier-toilette-rond-marron-et-noir-acacia\/","title":{"rendered":"Support pour Papier Toilette Rond Marron et Noir ACACIA"},"content":{"rendered":"<p>Support pour Papier Toilette Rond Marron et Noir ACACIA. Une pi\u00e8ce essentielle de casacumbia, parfaite pour apporter une touche de style et de confort \u00e0 votre espace avec originalit\u00e9 et charme. <\/p>\n","protected":false},"excerpt":{"rendered":"<p>Support pour Papier Toilette Rond Marron et Noir ACACIA. Une pi\u00e8ce essentielle de casacumbia, parfaite pour apporter une touche de<\/p>\n","protected":false},"featured_media":29956,"comment_status":"closed","ping_status":"closed","template":"","meta":[],"product_brand":[],"product_cat":[292,204],"product_tag":[181,176,166],"class_list":{"0":"post-49818","1":"product","2":"type-product","3":"status-publish","4":"has-post-thumbnail","6":"product_cat-accessoires-de-bain","7":"product_cat-promotions-2","8":"product_tag-integre-pim","9":"product_tag-petites-dimensions","10":"product_tag-produits-en-ligne","12":"first","13":"instock","14":"sale","15":"shipping-taxable","16":"purchasable","17":"product-type-simple"},"_links":{"self":[{"href":"https:\/\/casacumbia.com\/en\/wp-json\/wp\/v2\/product\/49818","targetHints":{"allow":["GET"]}}],"collection":[{"href":"https:\/\/casacumbia.com\/en\/wp-json\/wp\/v2\/product"}],"about":[{"href":"https:\/\/casacumbia.com\/en\/wp-json\/wp\/v2\/types\/product"}],"replies":[{"embeddable":true,"href":"https:\/\/casacumbia.com\/en\/wp-json\/wp\/v2\/comments?post=49818"}],"version-history":[{"count":2,"href":"https:\/\/casacumbia.com\/en\/wp-json\/wp\/v2\/product\/49818\/revisions"}],"predecessor-version":[{"id":53994,"href":"https:\/\/casacumbia.com\/en\/wp-json\/wp\/v2\/product\/49818\/revisions\/53994"}],"wp:featuredmedia":[{"embeddable":true,"href":"https:\/\/casacumbia.com\/en\/wp-json\/wp\/v2\/media\/29956"}],"wp:attachment":[{"href":"https:\/\/casacumbia.com\/en\/wp-json\/wp\/v2\/media?parent=49818"}],"wp:term":[{"taxonomy":"product_brand","embeddable":true,"href":"https:\/\/casacumbia.com\/en\/wp-json\/wp\/v2\/product_brand?post=49818"},{"taxonomy":"product_cat","embeddable":true,"href":"https:\/\/casacumbia.com\/en\/wp-json\/wp\/v2\/product_cat?post=49818"},{"taxonomy":"product_tag","embeddable":true,"href":"https:\/\/casacumbia.com\/en\/wp-json\/wp\/v2\/product_tag?post=49818"}],"curies":[{"name":"wp","href":"https:\/\/api.w.org\/{rel}","templated":true}]}}