{"id":49802,"date":"2025-07-20T18:16:24","date_gmt":"2025-07-20T16:16:24","guid":{"rendered":"https:\/\/casacumbia.com\/product\/set-de-table-en-coton-rectangulaire-fleurs-garden-memories\/"},"modified":"2025-09-21T15:12:39","modified_gmt":"2025-09-21T13:12:39","slug":"set-de-table-en-coton-rectangulaire-fleurs-garden-memories","status":"publish","type":"product","link":"https:\/\/casacumbia.com\/en\/produit\/set-de-table-en-coton-rectangulaire-fleurs-garden-memories\/","title":{"rendered":"Set de table rectangulaire en coton \u00e0 fleurs GARDEN MEMORIES"},"content":{"rendered":"<p>La Collection Garden Memories est compos\u00e9e de fleurs et de fruits sauvages peints \u00e0 la main \u00e0 l&#8217;aquarelle qui constituent le motif de cette collection, o\u00f9 les floraux botaniques romantiques sont les grands protagonistes, illumin\u00e9s par le soleil et inspirant une esth\u00e9tique romantique pour la saison.<\/p>\n","protected":false},"excerpt":{"rendered":"<p>La Collection Garden Memories est compos\u00e9e de fleurs et de fruits sauvages peints \u00e0 la main \u00e0 l&#8217;aquarelle qui constituent<\/p>\n","protected":false},"featured_media":30004,"comment_status":"closed","ping_status":"closed","template":"","meta":[],"product_brand":[],"product_cat":[259,204],"product_tag":[181,176,166],"class_list":{"0":"post-49802","1":"product","2":"type-product","3":"status-publish","4":"has-post-thumbnail","6":"product_cat-lingetable","7":"product_cat-promotions-2","8":"product_tag-integre-pim","9":"product_tag-petites-dimensions","10":"product_tag-produits-en-ligne","12":"first","13":"instock","14":"sale","15":"shipping-taxable","16":"purchasable","17":"product-type-simple"},"_links":{"self":[{"href":"https:\/\/casacumbia.com\/en\/wp-json\/wp\/v2\/product\/49802","targetHints":{"allow":["GET"]}}],"collection":[{"href":"https:\/\/casacumbia.com\/en\/wp-json\/wp\/v2\/product"}],"about":[{"href":"https:\/\/casacumbia.com\/en\/wp-json\/wp\/v2\/types\/product"}],"replies":[{"embeddable":true,"href":"https:\/\/casacumbia.com\/en\/wp-json\/wp\/v2\/comments?post=49802"}],"version-history":[{"count":1,"href":"https:\/\/casacumbia.com\/en\/wp-json\/wp\/v2\/product\/49802\/revisions"}],"predecessor-version":[{"id":53089,"href":"https:\/\/casacumbia.com\/en\/wp-json\/wp\/v2\/product\/49802\/revisions\/53089"}],"wp:featuredmedia":[{"embeddable":true,"href":"https:\/\/casacumbia.com\/en\/wp-json\/wp\/v2\/media\/30004"}],"wp:attachment":[{"href":"https:\/\/casacumbia.com\/en\/wp-json\/wp\/v2\/media?parent=49802"}],"wp:term":[{"taxonomy":"product_brand","embeddable":true,"href":"https:\/\/casacumbia.com\/en\/wp-json\/wp\/v2\/product_brand?post=49802"},{"taxonomy":"product_cat","embeddable":true,"href":"https:\/\/casacumbia.com\/en\/wp-json\/wp\/v2\/product_cat?post=49802"},{"taxonomy":"product_tag","embeddable":true,"href":"https:\/\/casacumbia.com\/en\/wp-json\/wp\/v2\/product_tag?post=49802"}],"curies":[{"name":"wp","href":"https:\/\/api.w.org\/{rel}","templated":true}]}}