{"id":49799,"date":"2025-07-20T18:16:24","date_gmt":"2025-07-20T16:16:24","guid":{"rendered":"https:\/\/casacumbia.com\/product\/housse-de-coussin-coton-lin-viscose-verte-granada\/"},"modified":"2025-09-21T15:12:38","modified_gmt":"2025-09-21T13:12:38","slug":"housse-de-coussin-coton-lin-viscose-verte-granada","status":"publish","type":"product","link":"https:\/\/casacumbia.com\/en\/produit\/housse-de-coussin-coton-lin-viscose-verte-granada\/","title":{"rendered":"Housse de Coussin Coton\/Lin\/Viscose Vert GRANADA"},"content":{"rendered":"<p>Housse de Coussin Coton\/Lin\/Viscose Vert GRANADA. Une pi\u00e8ce essentielle de casacumbia, parfaite pour apporter une touche de style et de confort \u00e0 votre espace avec originalit\u00e9 et charme. <\/p>\n","protected":false},"excerpt":{"rendered":"<p>Housse de Coussin Coton\/Lin\/Viscose Vert GRANADA. Une pi\u00e8ce essentielle de casacumbia, parfaite pour apporter une touche de style et de<\/p>\n","protected":false},"featured_media":29993,"comment_status":"closed","ping_status":"closed","template":"","meta":[],"product_brand":[],"product_cat":[238,182,204],"product_tag":[181,176,166],"class_list":{"0":"post-49799","1":"product","2":"type-product","3":"status-publish","4":"has-post-thumbnail","6":"product_cat-coussins","7":"product_cat-textiles-2","8":"product_cat-promotions-2","9":"product_tag-integre-pim","10":"product_tag-petites-dimensions","11":"product_tag-produits-en-ligne","13":"first","14":"instock","15":"sale","16":"shipping-taxable","17":"purchasable","18":"product-type-simple"},"_links":{"self":[{"href":"https:\/\/casacumbia.com\/en\/wp-json\/wp\/v2\/product\/49799","targetHints":{"allow":["GET"]}}],"collection":[{"href":"https:\/\/casacumbia.com\/en\/wp-json\/wp\/v2\/product"}],"about":[{"href":"https:\/\/casacumbia.com\/en\/wp-json\/wp\/v2\/types\/product"}],"replies":[{"embeddable":true,"href":"https:\/\/casacumbia.com\/en\/wp-json\/wp\/v2\/comments?post=49799"}],"version-history":[{"count":2,"href":"https:\/\/casacumbia.com\/en\/wp-json\/wp\/v2\/product\/49799\/revisions"}],"predecessor-version":[{"id":53988,"href":"https:\/\/casacumbia.com\/en\/wp-json\/wp\/v2\/product\/49799\/revisions\/53988"}],"wp:featuredmedia":[{"embeddable":true,"href":"https:\/\/casacumbia.com\/en\/wp-json\/wp\/v2\/media\/29993"}],"wp:attachment":[{"href":"https:\/\/casacumbia.com\/en\/wp-json\/wp\/v2\/media?parent=49799"}],"wp:term":[{"taxonomy":"product_brand","embeddable":true,"href":"https:\/\/casacumbia.com\/en\/wp-json\/wp\/v2\/product_brand?post=49799"},{"taxonomy":"product_cat","embeddable":true,"href":"https:\/\/casacumbia.com\/en\/wp-json\/wp\/v2\/product_cat?post=49799"},{"taxonomy":"product_tag","embeddable":true,"href":"https:\/\/casacumbia.com\/en\/wp-json\/wp\/v2\/product_tag?post=49799"}],"curies":[{"name":"wp","href":"https:\/\/api.w.org\/{rel}","templated":true}]}}